{"id":3220,"date":"2024-05-14T11:59:58","date_gmt":"2024-05-14T09:59:58","guid":{"rendered":"https:\/\/fundacionrecover.org\/?page_id=3220"},"modified":"2024-05-23T12:46:06","modified_gmt":"2024-05-23T10:46:06","slug":"complaints-channel","status":"publish","type":"page","link":"https:\/\/fundacionrecover.org\/en\/canal-de-denuncias\/","title":{"rendered":"Canal de denuncias"},"content":{"rendered":"<div data-elementor-type=\"wp-page\" data-elementor-id=\"3220\" class=\"elementor elementor-3220\" data-elementor-post-type=\"page\">\n\t\t\t\t<div class=\"elementor-element elementor-element-f0cea6d e-flex e-con-boxed e-con e-parent\" data-id=\"f0cea6d\" data-element_type=\"container\" data-e-type=\"container\" data-settings=\"{&quot;background_background&quot;:&quot;classic&quot;}\">\n\t\t\t\t\t<div class=\"e-con-inner\">\n\t\t<div class=\"elementor-element elementor-element-7ab3b98 e-con-full e-flex e-con e-child\" data-id=\"7ab3b98\" data-element_type=\"container\" data-e-type=\"container\">\n\t\t<div class=\"elementor-element elementor-element-39bc8fb e-con-full e-flex e-con e-child\" data-id=\"39bc8fb\" data-element_type=\"container\" data-e-type=\"container\">\n\t\t\t\t<div class=\"elementor-element elementor-element-ac5d1dd elementor-widget__width-initial elementor-invisible elementor-widget elementor-widget-heading\" data-id=\"ac5d1dd\" data-element_type=\"widget\" data-e-type=\"widget\" data-settings=\"{&quot;_animation&quot;:&quot;fadeIn&quot;}\" data-widget_type=\"heading.default\">\n\t\t\t\t<div class=\"elementor-widget-container\">\n\t\t\t\t\t<h2 class=\"elementor-heading-title elementor-size-default\">CANAL DE DENUNCIAS<\/h2>\t\t\t\t<\/div>\n\t\t\t\t<\/div>\n\t\t\t\t<\/div>\n\t\t\t\t<\/div>\n\t\t\t\t\t<\/div>\n\t\t\t\t<\/div>\n\t\t<div class=\"elementor-element elementor-element-e6b0de6 e-flex e-con-boxed e-con e-parent\" data-id=\"e6b0de6\" data-element_type=\"container\" data-e-type=\"container\">\n\t\t\t\t\t<div class=\"e-con-inner\">\n\t\t<div class=\"elementor-element elementor-element-ea94801 e-con-full e-flex e-con e-child\" data-id=\"ea94801\" data-element_type=\"container\" data-e-type=\"container\">\n\t\t\t\t<div class=\"elementor-element elementor-element-1d72f1e elementor-widget elementor-widget-text-editor\" data-id=\"1d72f1e\" data-element_type=\"widget\" data-e-type=\"widget\" data-widget_type=\"text-editor.default\">\n\t\t\t\t<div class=\"elementor-widget-container\">\n\t\t\t\t\t\t\t\t\t<p>Fundaci\u00f3n Recover cuenta con un Canal de Denuncias, incluido en su\u00a0<a href=\"https:\/\/fundacionrecover.org\/wp-content\/uploads\/2024\/05\/Codigo-Etico-1.pdf\" target=\"_blank\" rel=\"noopener noreferrer\">Code of Ethics<\/a>, a disposici\u00f3n de empleados, voluntarios, donantes, proveedores, contrapartes\u2026 para identificar conductas irregulares de nuestra Fundaci\u00f3n. Para ello, se facilitan las siguientes herramientas:<\/p><ul><li><strong>Correo<\/strong>: <a href=\"mailto:codigodeconducta@fundacionrecover.org\">codigodeconducta@fundacionrecover.org<\/a><\/li><\/ul><p>\u00a0<\/p><p>La comunicaci\u00f3n\u00a0<strong>podr\u00e1 realizarse de manera an\u00f3nima<\/strong>, siempre que el denunciante as\u00ed lo desee. La identificaci\u00f3n no es por tanto obligatoria y se solicita \u00fanicamente para poder informar del seguimiento de la misma.<\/p><p>En cualquier caso, Fundaci\u00f3n Recover garantiza la\u00a0<strong>confidencialidad<\/strong>\u00a0del denunciante, no pudiendo ser comunicada sin su consentimiento, salvo que fuera necesario para trasladarlo a las autoridades administrativas o judiciales, siempre que fueran requeridos como consecuencia de cualquier procedimiento derivado del objeto de la denuncia.<\/p><p>El Canal de Denuncias est\u00e1 exclusivamente dirigido a\u00a0<strong>recoger denuncias<\/strong>\u00a0sobre conductas irregulares en la Fundaci\u00f3n, siendo analizada y tramitada de acuerdo a lo establecido en la normativa del\u00a0<a href=\"https:\/\/fundacionrecover.org\/wp-content\/uploads\/2020\/11\/Codigo-Etico-1.pdf\" target=\"_blank\" rel=\"noopener noreferrer\">Code of Ethics<\/a>.<\/p><p>La recogida de sugerencias, comentarios o consultas de cualquier otro tipo pueden enviarse a trav\u00e9s de info@fundacionrecover.org.<\/p>\t\t\t\t\t\t\t\t<\/div>\n\t\t\t\t<\/div>\n\t\t\t\t<\/div>\n\t\t\t\t\t<\/div>\n\t\t\t\t<\/div>\n\t\t\t\t<\/div>","protected":false},"excerpt":{"rendered":"<p>CANAL DE DENUNCIAS Fundaci\u00f3n Recover cuenta con un Canal de Denuncias, incluido en su\u00a0C\u00f3digo \u00c9tico, a disposici\u00f3n de empleados, voluntarios, donantes, proveedores, contrapartes\u2026 para identificar conductas irregulares de nuestra Fundaci\u00f3n. Para ello, se facilitan las siguientes herramientas: Correo: codigodeconducta@fundacionrecover.org \u00a0 La comunicaci\u00f3n\u00a0podr\u00e1 realizarse de manera an\u00f3nima, siempre que el denunciante as\u00ed lo desee. La identificaci\u00f3n [&hellip;]<\/p>\n","protected":false},"author":1,"featured_media":0,"parent":0,"menu_order":0,"comment_status":"closed","ping_status":"closed","template":"elementor_header_footer","meta":{"give_campaign_id":0,"footnotes":""},"class_list":["post-3220","page","type-page","status-publish","hentry"],"yoast_head":"<!-- This site is optimized with the Yoast SEO plugin v27.4 - https:\/\/yoast.com\/product\/yoast-seo-wordpress\/ -->\n<title>Canal de denuncias - Fundaci\u00f3n Recover Hospitales para \u00c1frica<\/title>\n<meta name=\"robots\" content=\"noindex, follow\" \/>\n<meta property=\"og:locale\" content=\"en_GB\" \/>\n<meta property=\"og:type\" content=\"article\" \/>\n<meta property=\"og:title\" content=\"Canal de denuncias - Fundaci\u00f3n Recover Hospitales para \u00c1frica\" \/>\n<meta property=\"og:description\" content=\"CANAL DE DENUNCIAS Fundaci\u00f3n Recover cuenta con un Canal de Denuncias, incluido en su\u00a0C\u00f3digo \u00c9tico, a disposici\u00f3n de empleados, voluntarios, donantes, proveedores, contrapartes\u2026 para identificar conductas irregulares de nuestra Fundaci\u00f3n. Para ello, se facilitan las siguientes herramientas: Correo: codigodeconducta@fundacionrecover.org \u00a0 La comunicaci\u00f3n\u00a0podr\u00e1 realizarse de manera an\u00f3nima, siempre que el denunciante as\u00ed lo desee. La identificaci\u00f3n [&hellip;]\" \/>\n<meta property=\"og:url\" content=\"https:\/\/fundacionrecover.org\/en\/complaints-channel\/\" \/>\n<meta property=\"og:site_name\" content=\"Fundaci\u00f3n Recover Hospitales para \u00c1frica\" \/>\n<meta property=\"article:publisher\" content=\"https:\/\/www.facebook.com\/fundacionrecover\/\" \/>\n<meta property=\"article:modified_time\" content=\"2024-05-23T10:46:06+00:00\" \/>\n<meta property=\"og:image\" content=\"https:\/\/fundacionrecover.org\/wp-content\/uploads\/2024\/05\/Logotipo_FundacionRecover_FondoVerde_ESP.png\" \/>\n\t<meta property=\"og:image:width\" content=\"334\" \/>\n\t<meta property=\"og:image:height\" content=\"272\" \/>\n\t<meta property=\"og:image:type\" content=\"image\/png\" \/>\n<meta name=\"twitter:card\" content=\"summary_large_image\" \/>\n<meta name=\"twitter:label1\" content=\"Estimated reading time\" \/>\n\t<meta name=\"twitter:data1\" content=\"1 minute\" \/>\n<script type=\"application\/ld+json\" class=\"yoast-schema-graph\">{\"@context\":\"https:\\\/\\\/schema.org\",\"@graph\":[{\"@type\":\"WebPage\",\"@id\":\"https:\\\/\\\/fundacionrecover.org\\\/canal-de-denuncias\\\/\",\"url\":\"https:\\\/\\\/fundacionrecover.org\\\/canal-de-denuncias\\\/\",\"name\":\"Canal de denuncias - Fundaci\u00f3n Recover Hospitales para \u00c1frica\",\"isPartOf\":{\"@id\":\"https:\\\/\\\/fundacionrecover.org\\\/#website\"},\"datePublished\":\"2024-05-14T09:59:58+00:00\",\"dateModified\":\"2024-05-23T10:46:06+00:00\",\"breadcrumb\":{\"@id\":\"https:\\\/\\\/fundacionrecover.org\\\/canal-de-denuncias\\\/#breadcrumb\"},\"inLanguage\":\"en-GB\",\"potentialAction\":[{\"@type\":\"ReadAction\",\"target\":[\"https:\\\/\\\/fundacionrecover.org\\\/canal-de-denuncias\\\/\"]}]},{\"@type\":\"BreadcrumbList\",\"@id\":\"https:\\\/\\\/fundacionrecover.org\\\/canal-de-denuncias\\\/#breadcrumb\",\"itemListElement\":[{\"@type\":\"ListItem\",\"position\":1,\"name\":\"Home\",\"item\":\"https:\\\/\\\/fundacionrecover.org\\\/\"},{\"@type\":\"ListItem\",\"position\":2,\"name\":\"Canal de denuncias\"}]},{\"@type\":\"WebSite\",\"@id\":\"https:\\\/\\\/fundacionrecover.org\\\/#website\",\"url\":\"https:\\\/\\\/fundacionrecover.org\\\/\",\"name\":\"Fundaci\u00f3n Recover Hospitales para \u00c1frica\",\"description\":\"Fundaci\u00f3n Recover\",\"publisher\":{\"@id\":\"https:\\\/\\\/fundacionrecover.org\\\/#organization\"},\"potentialAction\":[{\"@type\":\"SearchAction\",\"target\":{\"@type\":\"EntryPoint\",\"urlTemplate\":\"https:\\\/\\\/fundacionrecover.org\\\/?s={search_term_string}\"},\"query-input\":{\"@type\":\"PropertyValueSpecification\",\"valueRequired\":true,\"valueName\":\"search_term_string\"}}],\"inLanguage\":\"en-GB\"},{\"@type\":\"Organization\",\"@id\":\"https:\\\/\\\/fundacionrecover.org\\\/#organization\",\"name\":\"Fundaci\u00f3n Recover, Hospitales para \u00c1frica\",\"alternateName\":\"Fundaci\u00f3n Recover\",\"url\":\"https:\\\/\\\/fundacionrecover.org\\\/\",\"logo\":{\"@type\":\"ImageObject\",\"inLanguage\":\"en-GB\",\"@id\":\"https:\\\/\\\/fundacionrecover.org\\\/#\\\/schema\\\/logo\\\/image\\\/\",\"url\":\"https:\\\/\\\/fundacionrecover.org\\\/wp-content\\\/uploads\\\/2024\\\/03\\\/FundacionRecoverHospitalesParaAfrica_logo_blanco_cut.png\",\"contentUrl\":\"https:\\\/\\\/fundacionrecover.org\\\/wp-content\\\/uploads\\\/2024\\\/03\\\/FundacionRecoverHospitalesParaAfrica_logo_blanco_cut.png\",\"width\":335,\"height\":183,\"caption\":\"Fundaci\u00f3n Recover, Hospitales para \u00c1frica\"},\"image\":{\"@id\":\"https:\\\/\\\/fundacionrecover.org\\\/#\\\/schema\\\/logo\\\/image\\\/\"},\"sameAs\":[\"https:\\\/\\\/www.facebook.com\\\/fundacionrecover\\\/\",\"https:\\\/\\\/www.instagram.com\\\/fundacionrecover\\\/\",\"https:\\\/\\\/www.linkedin.com\\\/company\\\/fundaci\u00f3n-recover-hospitales-para-\u00e1frica\\\/\",\"https:\\\/\\\/www.tiktok.com\\\/@fundacionrecover\"]}]}<\/script>\n<!-- \/ Yoast SEO plugin. -->","yoast_head_json":{"title":"Canal de denuncias - Fundaci\u00f3n Recover Hospitales para \u00c1frica","robots":{"index":"noindex","follow":"follow"},"og_locale":"en_GB","og_type":"article","og_title":"Canal de denuncias - Fundaci\u00f3n Recover Hospitales para \u00c1frica","og_description":"CANAL DE DENUNCIAS Fundaci\u00f3n Recover cuenta con un Canal de Denuncias, incluido en su\u00a0C\u00f3digo \u00c9tico, a disposici\u00f3n de empleados, voluntarios, donantes, proveedores, contrapartes\u2026 para identificar conductas irregulares de nuestra Fundaci\u00f3n. Para ello, se facilitan las siguientes herramientas: Correo: codigodeconducta@fundacionrecover.org \u00a0 La comunicaci\u00f3n\u00a0podr\u00e1 realizarse de manera an\u00f3nima, siempre que el denunciante as\u00ed lo desee. La identificaci\u00f3n [&hellip;]","og_url":"https:\/\/fundacionrecover.org\/en\/complaints-channel\/","og_site_name":"Fundaci\u00f3n Recover Hospitales para \u00c1frica","article_publisher":"https:\/\/www.facebook.com\/fundacionrecover\/","article_modified_time":"2024-05-23T10:46:06+00:00","og_image":[{"width":334,"height":272,"url":"https:\/\/fundacionrecover.org\/wp-content\/uploads\/2024\/05\/Logotipo_FundacionRecover_FondoVerde_ESP.png","type":"image\/png"}],"twitter_card":"summary_large_image","twitter_misc":{"Estimated reading time":"1 minute"},"schema":{"@context":"https:\/\/schema.org","@graph":[{"@type":"WebPage","@id":"https:\/\/fundacionrecover.org\/canal-de-denuncias\/","url":"https:\/\/fundacionrecover.org\/canal-de-denuncias\/","name":"Canal de denuncias - Fundaci\u00f3n Recover Hospitales para \u00c1frica","isPartOf":{"@id":"https:\/\/fundacionrecover.org\/#website"},"datePublished":"2024-05-14T09:59:58+00:00","dateModified":"2024-05-23T10:46:06+00:00","breadcrumb":{"@id":"https:\/\/fundacionrecover.org\/canal-de-denuncias\/#breadcrumb"},"inLanguage":"en-GB","potentialAction":[{"@type":"ReadAction","target":["https:\/\/fundacionrecover.org\/canal-de-denuncias\/"]}]},{"@type":"BreadcrumbList","@id":"https:\/\/fundacionrecover.org\/canal-de-denuncias\/#breadcrumb","itemListElement":[{"@type":"ListItem","position":1,"name":"Home","item":"https:\/\/fundacionrecover.org\/"},{"@type":"ListItem","position":2,"name":"Canal de denuncias"}]},{"@type":"WebSite","@id":"https:\/\/fundacionrecover.org\/#website","url":"https:\/\/fundacionrecover.org\/","name":"Recover Foundation, Hospitals for Africa","description":"Recover Foundation","publisher":{"@id":"https:\/\/fundacionrecover.org\/#organization"},"potentialAction":[{"@type":"SearchAction","target":{"@type":"EntryPoint","urlTemplate":"https:\/\/fundacionrecover.org\/?s={search_term_string}"},"query-input":{"@type":"PropertyValueSpecification","valueRequired":true,"valueName":"search_term_string"}}],"inLanguage":"en-GB"},{"@type":"Organization","@id":"https:\/\/fundacionrecover.org\/#organization","name":"Recover Foundation, Hospitals for Africa","alternateName":"Fundaci\u00f3n Recover","url":"https:\/\/fundacionrecover.org\/","logo":{"@type":"ImageObject","inLanguage":"en-GB","@id":"https:\/\/fundacionrecover.org\/#\/schema\/logo\/image\/","url":"https:\/\/fundacionrecover.org\/wp-content\/uploads\/2024\/03\/FundacionRecoverHospitalesParaAfrica_logo_blanco_cut.png","contentUrl":"https:\/\/fundacionrecover.org\/wp-content\/uploads\/2024\/03\/FundacionRecoverHospitalesParaAfrica_logo_blanco_cut.png","width":335,"height":183,"caption":"Fundaci\u00f3n Recover, Hospitales para \u00c1frica"},"image":{"@id":"https:\/\/fundacionrecover.org\/#\/schema\/logo\/image\/"},"sameAs":["https:\/\/www.facebook.com\/fundacionrecover\/","https:\/\/www.instagram.com\/fundacionrecover\/","https:\/\/www.linkedin.com\/company\/fundaci\u00f3n-recover-hospitales-para-\u00e1frica\/","https:\/\/www.tiktok.com\/@fundacionrecover"]}]}},"campaignId":"","_links":{"self":[{"href":"https:\/\/fundacionrecover.org\/en\/wp-json\/wp\/v2\/pages\/3220","targetHints":{"allow":["GET"]}}],"collection":[{"href":"https:\/\/fundacionrecover.org\/en\/wp-json\/wp\/v2\/pages"}],"about":[{"href":"https:\/\/fundacionrecover.org\/en\/wp-json\/wp\/v2\/types\/page"}],"author":[{"embeddable":true,"href":"https:\/\/fundacionrecover.org\/en\/wp-json\/wp\/v2\/users\/1"}],"replies":[{"embeddable":true,"href":"https:\/\/fundacionrecover.org\/en\/wp-json\/wp\/v2\/comments?post=3220"}],"version-history":[{"count":0,"href":"https:\/\/fundacionrecover.org\/en\/wp-json\/wp\/v2\/pages\/3220\/revisions"}],"wp:attachment":[{"href":"https:\/\/fundacionrecover.org\/en\/wp-json\/wp\/v2\/media?parent=3220"}],"curies":[{"name":"wp","href":"https:\/\/api.w.org\/{rel}","templated":true}]}}