{"id":3646,"date":"2024-05-16T08:51:12","date_gmt":"2024-05-16T06:51:12","guid":{"rendered":"https:\/\/fundacionrecover.org\/?page_id=3646"},"modified":"2024-05-16T09:29:57","modified_gmt":"2024-05-16T07:29:57","slug":"normativa-aplicable","status":"publish","type":"page","link":"https:\/\/fundacionrecover.org\/en\/normativa-aplicable\/","title":{"rendered":"Applicable regulations"},"content":{"rendered":"<div data-elementor-type=\"wp-page\" data-elementor-id=\"3646\" class=\"elementor elementor-3646\" data-elementor-post-type=\"page\">\n\t\t\t\t<div class=\"elementor-element elementor-element-d81710f e-flex e-con-boxed e-con e-parent\" data-id=\"d81710f\" data-element_type=\"container\" data-e-type=\"container\" data-settings=\"{&quot;background_background&quot;:&quot;classic&quot;}\">\n\t\t\t\t\t<div class=\"e-con-inner\">\n\t\t<div class=\"elementor-element elementor-element-35188a7 e-con-full e-flex e-con e-child\" data-id=\"35188a7\" data-element_type=\"container\" data-e-type=\"container\">\n\t\t<div class=\"elementor-element elementor-element-939f518 e-con-full e-flex e-con e-child\" data-id=\"939f518\" data-element_type=\"container\" data-e-type=\"container\">\n\t\t\t\t<div class=\"elementor-element elementor-element-e5acba2 elementor-widget__width-initial elementor-invisible elementor-widget elementor-widget-heading\" data-id=\"e5acba2\" data-element_type=\"widget\" data-e-type=\"widget\" data-settings=\"{&quot;_animation&quot;:&quot;fadeIn&quot;}\" data-widget_type=\"heading.default\">\n\t\t\t\t<div class=\"elementor-widget-container\">\n\t\t\t\t\t<h2 class=\"elementor-heading-title elementor-size-default\">Applicable regulations<\/h2>\t\t\t\t<\/div>\n\t\t\t\t<\/div>\n\t\t\t\t<\/div>\n\t\t\t\t<\/div>\n\t\t\t\t\t<\/div>\n\t\t\t\t<\/div>\n\t\t<div class=\"elementor-element elementor-element-d34565b e-flex e-con-boxed e-con e-parent\" data-id=\"d34565b\" data-element_type=\"container\" data-e-type=\"container\">\n\t\t\t\t\t<div class=\"e-con-inner\">\n\t\t\t\t<div class=\"elementor-element elementor-element-9f52a3d elementor-widget elementor-widget-heading\" data-id=\"9f52a3d\" data-element_type=\"widget\" data-e-type=\"widget\" data-widget_type=\"heading.default\">\n\t\t\t\t<div class=\"elementor-widget-container\">\n\t\t\t\t\t<h2 class=\"elementor-heading-title elementor-size-default\">Estas son las leyes y normas aplicables a nuestra fundaci\u00f3n<\/h2>\t\t\t\t<\/div>\n\t\t\t\t<\/div>\n\t\t\t\t<div class=\"elementor-element elementor-element-48b3881 elementor-widget elementor-widget-text-editor\" data-id=\"48b3881\" data-element_type=\"widget\" data-e-type=\"widget\" data-widget_type=\"text-editor.default\">\n\t\t\t\t<div class=\"elementor-widget-container\">\n\t\t\t\t\t\t\t\t\t<ul><li><a href=\"https:\/\/www.boe.es\/buscar\/act.php?id=BOE-A-1978-31229\" target=\"_blank\" rel=\"noopener\">Constituci\u00f3n Espa\u00f1ola de 1978<\/a><\/li><li><a href=\"https:\/\/www.boe.es\/buscar\/act.php?id=BOE-A-2002-25180\" target=\"_blank\" rel=\"noopener\">Ley 50\/2022, de 26 de diciembre, de Fundaciones<\/a><\/li><li><a href=\"https:\/\/www.boe.es\/buscar\/act.php?id=BOE-A-2005-19154\" target=\"_blank\" rel=\"noopener\">Real Decreto 1337\/2005, de 11 de noviembre, por el que se aprueba el Reglamento de fundaciones de competencia estatal.<\/a><\/li><li><a href=\"https:\/\/www.boe.es\/buscar\/act.php?id=BOE-A-2002-25039\" target=\"_blank\" rel=\"noopener\">Ley 49\/2002, de 23 de diciembre, de r\u00e9gimen fiscal de las entidades sin fines lucrativos y de los incentivos fiscales al mecenazgo<\/a><\/li><li><a href=\"https:\/\/www.boe.es\/buscar\/act.php?id=BOE-A-2003-19571\" target=\"_blank\" rel=\"noopener\">Real Decreto 1270\/2003, de 10 de octubre, por el que se aprueba el Reglamento para la aplicaci\u00f3n del r\u00e9gimen fiscal de las entidades sin fines lucrativos y de los incentivos fiscales al mecenazgo<\/a><\/li><li><a href=\"https:\/\/www.boe.es\/buscar\/act.php?id=BOE-A-2011-18458\" target=\"_blank\" rel=\"noopener\">Real Decreto 1491\/2011, de 24 de octubre, por el que se aprueban las normas de adaptaci\u00f3n del Plan General de Contabilidad a las entidades sin fines lucrativos y el modelo de plan de actuaci\u00f3n de las entidades sin fines lucrativos<\/a><\/li><li><a href=\"https:\/\/www.boe.es\/buscar\/act.php?id=BOE-A-2018-16673\" target=\"_blank\" rel=\"noopener\">Ley Org\u00e1nica 3\/2018, de 5 de diciembre, de Protecci\u00f3n de Datos Personales y garant\u00eda de los derechos digitales<\/a><\/li><li><a href=\"https:\/\/www.boe.es\/buscar\/act.php?id=BOE-A-2003-20977\" target=\"_blank\" rel=\"noopener\">Ley 38\/2003, de 17 de noviembre, General de Subvenciones<\/a><\/li><li><a href=\"https:\/\/www.boe.es\/buscar\/act.php?id=BOE-A-2006-13371\" target=\"_blank\" rel=\"noopener\">Real Decreto 887\/2006, de 21 de julio, por el que se aprueba el Reglamento de la Ley 38\/2003, de 17 de noviembre, General de Subvenciones<\/a><\/li><li><a href=\"https:\/\/www.boe.es\/buscar\/act.php?id=BOE-A-2013-12887\" target=\"_blank\" rel=\"noopener\">Ley 19\/2013, de 9 de diciembre, de transparencia, acceso a la informaci\u00f3n p\u00fablica y buen gobierno<\/a><\/li><li><a href=\"https:\/\/www.boe.es\/buscar\/act.php?id=BOE-A-2010-6737\" target=\"_blank\" rel=\"noopener\">Ley 10\/2010, de 28 de abril, de prevenci\u00f3n del blanqueo de capitales y de la financiaci\u00f3n del terrorismo<\/a><\/li><li><a href=\"https:\/\/www.boe.es\/diario_boe\/txt.php?id=BOE-A-2022-17633\" target=\"_blank\" rel=\"noopener\">Resoluci\u00f3n de 18 de octubre de 2022, de la Direcci\u00f3n General de Trabajo, por la que se registra y publica el Convenio colectivo de acci\u00f3n e intervenci\u00f3n social 2022-2024<\/a><\/li><\/ul>\t\t\t\t\t\t\t\t<\/div>\n\t\t\t\t<\/div>\n\t\t\t\t\t<\/div>\n\t\t\t\t<\/div>\n\t\t\t\t<\/div>","protected":false},"excerpt":{"rendered":"<p>Normativa aplicable Estas son las leyes y normas aplicables a nuestra fundaci\u00f3n Constituci\u00f3n Espa\u00f1ola de 1978 Ley 50\/2022, de 26 de diciembre, de Fundaciones Real Decreto 1337\/2005, de 11 de noviembre, por el que se aprueba el Reglamento de fundaciones de competencia estatal. Ley 49\/2002, de 23 de diciembre, de r\u00e9gimen fiscal de las entidades [&hellip;]<\/p>\n","protected":false},"author":1,"featured_media":0,"parent":0,"menu_order":0,"comment_status":"closed","ping_status":"closed","template":"elementor_header_footer","meta":{"give_campaign_id":0,"footnotes":""},"class_list":["post-3646","page","type-page","status-publish","hentry"],"yoast_head":"<!-- This site is optimized with the Yoast SEO plugin v27.4 - https:\/\/yoast.com\/product\/yoast-seo-wordpress\/ -->\n<title>Normativa aplicable - Fundaci\u00f3n Recover Hospitales para \u00c1frica<\/title>\n<meta name=\"robots\" content=\"noindex, nofollow\" \/>\n<meta property=\"og:locale\" content=\"en_GB\" \/>\n<meta property=\"og:type\" content=\"article\" \/>\n<meta property=\"og:title\" content=\"Normativa aplicable - Fundaci\u00f3n Recover Hospitales para \u00c1frica\" \/>\n<meta property=\"og:description\" content=\"Normativa aplicable Estas son las leyes y normas aplicables a nuestra fundaci\u00f3n Constituci\u00f3n Espa\u00f1ola de 1978 Ley 50\/2022, de 26 de diciembre, de Fundaciones Real Decreto 1337\/2005, de 11 de noviembre, por el que se aprueba el Reglamento de fundaciones de competencia estatal. Ley 49\/2002, de 23 de diciembre, de r\u00e9gimen fiscal de las entidades [&hellip;]\" \/>\n<meta property=\"og:url\" content=\"https:\/\/fundacionrecover.org\/en\/normativa-aplicable\/\" \/>\n<meta property=\"og:site_name\" content=\"Fundaci\u00f3n Recover Hospitales para \u00c1frica\" \/>\n<meta property=\"article:publisher\" content=\"https:\/\/www.facebook.com\/fundacionrecover\/\" \/>\n<meta property=\"article:modified_time\" content=\"2024-05-16T07:29:57+00:00\" \/>\n<meta property=\"og:image\" content=\"https:\/\/fundacionrecover.org\/wp-content\/uploads\/2024\/05\/Logotipo_FundacionRecover_FondoVerde_ESP.png\" \/>\n\t<meta property=\"og:image:width\" content=\"334\" \/>\n\t<meta property=\"og:image:height\" content=\"272\" \/>\n\t<meta property=\"og:image:type\" content=\"image\/png\" \/>\n<meta name=\"twitter:card\" content=\"summary_large_image\" \/>\n<meta name=\"twitter:label1\" content=\"Estimated reading time\" \/>\n\t<meta name=\"twitter:data1\" content=\"2 minutes\" \/>\n<script type=\"application\/ld+json\" class=\"yoast-schema-graph\">{\"@context\":\"https:\\\/\\\/schema.org\",\"@graph\":[{\"@type\":\"WebPage\",\"@id\":\"https:\\\/\\\/fundacionrecover.org\\\/normativa-aplicable\\\/\",\"url\":\"https:\\\/\\\/fundacionrecover.org\\\/normativa-aplicable\\\/\",\"name\":\"Normativa aplicable - Fundaci\u00f3n Recover Hospitales para \u00c1frica\",\"isPartOf\":{\"@id\":\"https:\\\/\\\/fundacionrecover.org\\\/#website\"},\"datePublished\":\"2024-05-16T06:51:12+00:00\",\"dateModified\":\"2024-05-16T07:29:57+00:00\",\"breadcrumb\":{\"@id\":\"https:\\\/\\\/fundacionrecover.org\\\/normativa-aplicable\\\/#breadcrumb\"},\"inLanguage\":\"en-GB\",\"potentialAction\":[{\"@type\":\"ReadAction\",\"target\":[\"https:\\\/\\\/fundacionrecover.org\\\/normativa-aplicable\\\/\"]}]},{\"@type\":\"BreadcrumbList\",\"@id\":\"https:\\\/\\\/fundacionrecover.org\\\/normativa-aplicable\\\/#breadcrumb\",\"itemListElement\":[{\"@type\":\"ListItem\",\"position\":1,\"name\":\"Home\",\"item\":\"https:\\\/\\\/fundacionrecover.org\\\/\"},{\"@type\":\"ListItem\",\"position\":2,\"name\":\"Normativa aplicable\"}]},{\"@type\":\"WebSite\",\"@id\":\"https:\\\/\\\/fundacionrecover.org\\\/#website\",\"url\":\"https:\\\/\\\/fundacionrecover.org\\\/\",\"name\":\"Fundaci\u00f3n Recover Hospitales para \u00c1frica\",\"description\":\"Fundaci\u00f3n Recover\",\"publisher\":{\"@id\":\"https:\\\/\\\/fundacionrecover.org\\\/#organization\"},\"potentialAction\":[{\"@type\":\"SearchAction\",\"target\":{\"@type\":\"EntryPoint\",\"urlTemplate\":\"https:\\\/\\\/fundacionrecover.org\\\/?s={search_term_string}\"},\"query-input\":{\"@type\":\"PropertyValueSpecification\",\"valueRequired\":true,\"valueName\":\"search_term_string\"}}],\"inLanguage\":\"en-GB\"},{\"@type\":\"Organization\",\"@id\":\"https:\\\/\\\/fundacionrecover.org\\\/#organization\",\"name\":\"Fundaci\u00f3n Recover, Hospitales para \u00c1frica\",\"alternateName\":\"Fundaci\u00f3n Recover\",\"url\":\"https:\\\/\\\/fundacionrecover.org\\\/\",\"logo\":{\"@type\":\"ImageObject\",\"inLanguage\":\"en-GB\",\"@id\":\"https:\\\/\\\/fundacionrecover.org\\\/#\\\/schema\\\/logo\\\/image\\\/\",\"url\":\"https:\\\/\\\/fundacionrecover.org\\\/wp-content\\\/uploads\\\/2024\\\/03\\\/FundacionRecoverHospitalesParaAfrica_logo_blanco_cut.png\",\"contentUrl\":\"https:\\\/\\\/fundacionrecover.org\\\/wp-content\\\/uploads\\\/2024\\\/03\\\/FundacionRecoverHospitalesParaAfrica_logo_blanco_cut.png\",\"width\":335,\"height\":183,\"caption\":\"Fundaci\u00f3n Recover, Hospitales para \u00c1frica\"},\"image\":{\"@id\":\"https:\\\/\\\/fundacionrecover.org\\\/#\\\/schema\\\/logo\\\/image\\\/\"},\"sameAs\":[\"https:\\\/\\\/www.facebook.com\\\/fundacionrecover\\\/\",\"https:\\\/\\\/www.instagram.com\\\/fundacionrecover\\\/\",\"https:\\\/\\\/www.linkedin.com\\\/company\\\/fundaci\u00f3n-recover-hospitales-para-\u00e1frica\\\/\",\"https:\\\/\\\/www.tiktok.com\\\/@fundacionrecover\"]}]}<\/script>\n<!-- \/ Yoast SEO plugin. -->","yoast_head_json":{"title":"Normativa aplicable - Fundaci\u00f3n Recover Hospitales para \u00c1frica","robots":{"index":"noindex","follow":"nofollow"},"og_locale":"en_GB","og_type":"article","og_title":"Normativa aplicable - Fundaci\u00f3n Recover Hospitales para \u00c1frica","og_description":"Normativa aplicable Estas son las leyes y normas aplicables a nuestra fundaci\u00f3n Constituci\u00f3n Espa\u00f1ola de 1978 Ley 50\/2022, de 26 de diciembre, de Fundaciones Real Decreto 1337\/2005, de 11 de noviembre, por el que se aprueba el Reglamento de fundaciones de competencia estatal. Ley 49\/2002, de 23 de diciembre, de r\u00e9gimen fiscal de las entidades [&hellip;]","og_url":"https:\/\/fundacionrecover.org\/en\/normativa-aplicable\/","og_site_name":"Fundaci\u00f3n Recover Hospitales para \u00c1frica","article_publisher":"https:\/\/www.facebook.com\/fundacionrecover\/","article_modified_time":"2024-05-16T07:29:57+00:00","og_image":[{"width":334,"height":272,"url":"https:\/\/fundacionrecover.org\/wp-content\/uploads\/2024\/05\/Logotipo_FundacionRecover_FondoVerde_ESP.png","type":"image\/png"}],"twitter_card":"summary_large_image","twitter_misc":{"Estimated reading time":"2 minutes"},"schema":{"@context":"https:\/\/schema.org","@graph":[{"@type":"WebPage","@id":"https:\/\/fundacionrecover.org\/normativa-aplicable\/","url":"https:\/\/fundacionrecover.org\/normativa-aplicable\/","name":"Normativa aplicable - Fundaci\u00f3n Recover Hospitales para \u00c1frica","isPartOf":{"@id":"https:\/\/fundacionrecover.org\/#website"},"datePublished":"2024-05-16T06:51:12+00:00","dateModified":"2024-05-16T07:29:57+00:00","breadcrumb":{"@id":"https:\/\/fundacionrecover.org\/normativa-aplicable\/#breadcrumb"},"inLanguage":"en-GB","potentialAction":[{"@type":"ReadAction","target":["https:\/\/fundacionrecover.org\/normativa-aplicable\/"]}]},{"@type":"BreadcrumbList","@id":"https:\/\/fundacionrecover.org\/normativa-aplicable\/#breadcrumb","itemListElement":[{"@type":"ListItem","position":1,"name":"Home","item":"https:\/\/fundacionrecover.org\/"},{"@type":"ListItem","position":2,"name":"Normativa aplicable"}]},{"@type":"WebSite","@id":"https:\/\/fundacionrecover.org\/#website","url":"https:\/\/fundacionrecover.org\/","name":"Recover Foundation, Hospitals for Africa","description":"Recover Foundation","publisher":{"@id":"https:\/\/fundacionrecover.org\/#organization"},"potentialAction":[{"@type":"SearchAction","target":{"@type":"EntryPoint","urlTemplate":"https:\/\/fundacionrecover.org\/?s={search_term_string}"},"query-input":{"@type":"PropertyValueSpecification","valueRequired":true,"valueName":"search_term_string"}}],"inLanguage":"en-GB"},{"@type":"Organization","@id":"https:\/\/fundacionrecover.org\/#organization","name":"Recover Foundation, Hospitals for Africa","alternateName":"Fundaci\u00f3n Recover","url":"https:\/\/fundacionrecover.org\/","logo":{"@type":"ImageObject","inLanguage":"en-GB","@id":"https:\/\/fundacionrecover.org\/#\/schema\/logo\/image\/","url":"https:\/\/fundacionrecover.org\/wp-content\/uploads\/2024\/03\/FundacionRecoverHospitalesParaAfrica_logo_blanco_cut.png","contentUrl":"https:\/\/fundacionrecover.org\/wp-content\/uploads\/2024\/03\/FundacionRecoverHospitalesParaAfrica_logo_blanco_cut.png","width":335,"height":183,"caption":"Fundaci\u00f3n Recover, Hospitales para \u00c1frica"},"image":{"@id":"https:\/\/fundacionrecover.org\/#\/schema\/logo\/image\/"},"sameAs":["https:\/\/www.facebook.com\/fundacionrecover\/","https:\/\/www.instagram.com\/fundacionrecover\/","https:\/\/www.linkedin.com\/company\/fundaci\u00f3n-recover-hospitales-para-\u00e1frica\/","https:\/\/www.tiktok.com\/@fundacionrecover"]}]}},"campaignId":"","_links":{"self":[{"href":"https:\/\/fundacionrecover.org\/en\/wp-json\/wp\/v2\/pages\/3646","targetHints":{"allow":["GET"]}}],"collection":[{"href":"https:\/\/fundacionrecover.org\/en\/wp-json\/wp\/v2\/pages"}],"about":[{"href":"https:\/\/fundacionrecover.org\/en\/wp-json\/wp\/v2\/types\/page"}],"author":[{"embeddable":true,"href":"https:\/\/fundacionrecover.org\/en\/wp-json\/wp\/v2\/users\/1"}],"replies":[{"embeddable":true,"href":"https:\/\/fundacionrecover.org\/en\/wp-json\/wp\/v2\/comments?post=3646"}],"version-history":[{"count":0,"href":"https:\/\/fundacionrecover.org\/en\/wp-json\/wp\/v2\/pages\/3646\/revisions"}],"wp:attachment":[{"href":"https:\/\/fundacionrecover.org\/en\/wp-json\/wp\/v2\/media?parent=3646"}],"curies":[{"name":"wp","href":"https:\/\/api.w.org\/{rel}","templated":true}]}}