{"id":5426,"date":"2024-06-06T11:15:59","date_gmt":"2024-06-06T09:15:59","guid":{"rendered":"https:\/\/fundacionrecover.org\/?page_id=5426"},"modified":"2024-06-14T12:55:27","modified_gmt":"2024-06-14T10:55:27","slug":"cookie-policy","status":"publish","type":"page","link":"https:\/\/fundacionrecover.org\/en\/politica-de-cookies\/","title":{"rendered":"Cookie Policy"},"content":{"rendered":"<p>We collect and use information on this website in accordance with our privacy policy. One of the ways in which we collect information is through the use of technology called \"cookies\". At&nbsp;<a href=\"https:\/\/fundacionrecover.org\/en\/\">www.fundacionrecover.org<\/a>We use cookies for a number of things.<strong><\/strong><\/p>\n\n\n\n<p><strong>What is a cookie and what is its function?<\/strong><\/p>\n\n\n\n<p>Cookies are small information files that are sent and stored in the equipment from which you access this website (mobile phone, personal computer, tablet or connected television) facilitating the use of the same.<\/p>\n\n\n\n<p>The cookies used by this website do not harm your computer, they are only used to improve the services offered. Some are strictly necessary for the website to function properly and others serve to improve performance and user experience.<\/p>\n\n\n\n<p><strong>What is its importance?<\/strong><\/p>\n\n\n\n<p>From a technical point of view, they allow websites to work more agile and adapted to users' preferences, such as storing the language, the country's currency or detecting the access device.<\/p>\n\n\n\n<p>They establish levels of protection and security that prevent or hinder cyber-attacks against the website or its users.<\/p>\n\n\n\n<p>They allow media managers to obtain statistical data collected in the Cookies in order to improve the quality and experience of their services.<\/p>\n\n\n\n<p>They are used to optimise the advertising we show to users, offering the advertising that best matches their interests.<\/p>\n\n\n\n<p>Further information in addition to that provided in this policy is available at&nbsp;<a href=\"http:\/\/www.agpd.es\/portalwebAGPD\/canaldocumentacion\/publicaciones\/common\/Guias\/Guia_Cookies.pdf\">guide to the use of cookies<\/a>&nbsp;published by the Spanish Data Protection Agency.<\/p>\n\n\n\n<p><strong>Acceptance of cookies<\/strong><\/p>\n\n\n\n<p>When you access this website or application for the first time, a warning will appear informing you of the use of cookies and where you can consult this cookie policy.<\/p>\n\n\n\n<p>No cookies will be downloaded until the user expressly consents to the installation of cookies. If the user consents to the use of cookies, they will be installed on the user's computer or device.<\/p>\n\n\n\n<p>In addition to the use of our own cookies, we allow third parties to set and access cookies on your device.<\/p>\n\n\n\n<p><strong>What information does a cookie store?<\/strong><\/p>\n\n\n\n<p>Cookies do not usually store sensitive information about you, such as credit card or bank details, photographs or personal information, etc. The data they store are of a technical nature, statistics, personal preferences, personalisation of content, etc.<\/p>\n\n\n\n<p><strong>What types of cookies are there?<\/strong><\/p>\n\n\n\n<ul class=\"wp-block-list\">\n<li><strong>Technical cookies:<\/strong>&nbsp;They are the most elementary and allow, among other things, to know when a human or an automated application is browsing, when an anonymous and a registered user is browsing, basic tasks for the functioning of any dynamic website.<\/li>\n\n\n\n<li><strong>Analysis cookies:<\/strong>&nbsp;They collect information on the type of browsing you are doing, the sections you use most, products consulted, time of day you use them, language, etc.<\/li>\n\n\n\n<li><strong>Advertising cookies:<\/strong>\u00a0They display advertisements based on your browsing habits, country of origin, language, etc.<\/li>\n<\/ul>\n\n\n\n<p><\/p>\n\n\n\n<p><strong>Cookies accepted by the regulation and excepted cookies<\/strong><\/p>\n\n\n\n<p>According to the EU directive, the cookies that require the user's informed consent are analytical cookies and advertising and affiliation cookies, with the exception of technical cookies and those necessary for the operation of the website or the provision of services expressly requested by the user.<\/p>\n\n\n\n<p><strong>What cookies does this website use?<\/strong><\/p>\n\n\n\n<p>This website uses its own and third party cookies. The following cookies are used on this website:<\/p>\n\n\n\n<p><strong>OWN COOKIES<\/strong><\/p>\n\n\n\n<p><strong>Login:<\/strong>&nbsp;Login cookies allow you to log in and log out of your account at&nbsp;<a href=\"https:\/\/fundacionrecover.org\/en\/\">www.fundacionrecover.org<\/a><\/p>\n\n\n\n<p><strong>Personalisation:<\/strong>&nbsp;Cookies help us to remember which people or websites you have interacted with, so that we can show you related content.<\/p>\n\n\n\n<p><strong>Preferences:<\/strong>&nbsp;Cookies allow us to remember your settings and preferences, such as your preferred language and privacy settings.<\/p>\n\n\n\n<p><strong>Security:&nbsp;<\/strong>We use cookies to avoid security risks for you. Mainly to detect when someone is trying to hack into your account.&nbsp;<a href=\"https:\/\/fundacionrecover.org\/en\/\">www.fundacionrecover.org<\/a>.<\/p>\n\n\n\n<p><strong>THIRD-PARTY COOKIES<\/strong><\/p>\n\n\n\n<p><strong>Analytical Cookies<\/strong><\/p>\n\n\n\n<p>This website uses analysis services, specifically,&nbsp;<em>Google Analytics<\/em>&nbsp;to help the website analyse the use made by users of the website and improve its usability, but in no case are they associated with data that could identify the user. Google Analytics is a web analytics service provided by Google Inc. The user can consult&nbsp;<a href=\"https:\/\/www.google.es\/intl\/es\/policies\/technologies\/types\/\"><em>here<\/em><\/a>&nbsp;the type of cookies used by Google.<\/p>\n\n\n\n<p><strong>Social media cookies<\/strong><\/p>\n\n\n\n<p>Social media cookies may be stored on your browser while you browse&nbsp;<a href=\"https:\/\/www.kumaradigital.com\/\">&nbsp;<\/a><a href=\"https:\/\/fundacionrecover.org\/en\/\">www.fundacionrecover.org<\/a>for example, when you use the share content button in the&nbsp;<a href=\"https:\/\/fundacionrecover.org\/en\/\">www.fundacionrecover.org<\/a>&nbsp;on a social network.<\/p>\n\n\n\n<p>Below, you have information about the cookies of the social networks used by this website in their own cookie policies:&nbsp;<\/p>\n\n\n\n<ul class=\"wp-block-list\">\n<li>Facebook cookies, see more information on your&nbsp;<a href=\"https:\/\/www.facebook.com\/policies\/cookies\/\"><em>cookies policy<\/em><\/a><em>.<\/em><\/li>\n\n\n\n<li>Twitter cookies, see more information on their&nbsp;<a href=\"https:\/\/twitter.com\/privacy\"><em>cookies policy<\/em><\/a>.<\/li>\n\n\n\n<li>Instagram cookies, see more information on your&nbsp;<a href=\"https:\/\/www.facebook.com\/policies\/cookies\/\"><em>cookies policy<\/em><\/a>.<\/li>\n<\/ul>\n\n\n\n<p><strong>Can cookies be deleted?<\/strong><\/p>\n\n\n\n<p>Yes, and not only delete, but also block, either generally or for a specific domain.<\/p>\n\n\n\n<p>To delete cookies from a website you should go to your browser settings and there you can search for the cookies associated with the domain in question and delete them.<\/p>\n\n\n\n<ul class=\"wp-block-list\">\n<li>Cookie settings for&nbsp;<a href=\"https:\/\/support.google.com\/chrome\/bin\/answer.py?hl=es&amp;answer=95647\"><em>Google Chrome<\/em><\/a><\/li>\n\n\n\n<li>Cookie settings for&nbsp;<a href=\"https:\/\/support.apple.com\/es-es\/HT201265\"><em>Apple Safari<\/em><\/a><\/li>\n\n\n\n<li>Cookie settings for&nbsp;<a href=\"https:\/\/support.microsoft.com\/en-us\/help\/17442\/windows-internet-explorer-delete-manage-cookies#ie=ie-10\"><em>Internet Explorer<\/em><\/a><\/li>\n\n\n\n<li>Cookie settings for&nbsp;<a href=\"https:\/\/support.mozilla.org\/es\/kb\/habilitar-y-deshabilitar-cookies-sitios-web-rastrear-preferencias?redirectlocale=es&amp;redirectslug=habilitar-y-deshabilitar-cookies-que-los-sitios-we\"><em>Mozilla Firefox<\/em><\/a><em>&nbsp;<\/em><\/li>\n<\/ul>\n\n\n\n<p><strong>More information about cookies<\/strong><\/p>\n\n\n\n<p>You can consult the regulation on cookies published by the Spanish Data Protection Agency in its&nbsp;<em>\"<\/em><a href=\"https:\/\/www.aepd.es\/sites\/default\/files\/2020-07\/guia-cookies.pdf\"><em>Guide on the use of cookies\".<\/em><\/a>&nbsp;and find out more about cookies on the Internet,&nbsp;<a href=\"https:\/\/www.aboutcookies.org\/\"><em>https:\/\/www.aboutcookies.org\/<\/em><\/a><\/p>\n\n\n\n<p>If you want to have more control over the installation of cookies, you can install programs or add-ons to your browser, known as \"cookie tools\".&nbsp;<em>\"Do Not Track<\/em>which will allow you to choose which cookies you want to allow.<\/p>\n\n\n\n<p>This cookie policy was last updated on 14 April 2024.<\/p>","protected":false},"excerpt":{"rendered":"<p>En esta web recopilamos y utilizamos la informaci\u00f3n seg\u00fan indicamos en nuestra pol\u00edtica de privacidad. Una de las formas en las que recopilamos informaci\u00f3n es a trav\u00e9s del uso de la tecnolog\u00eda llamada \u201ccookies\u201d. En&nbsp;www.fundacionrecover.org, utilizamos cookies para varias cosas. \u00bfQu\u00e9 es una cookie y cu\u00e1l es su funci\u00f3n? Las cookies son peque\u00f1os archivos de [&hellip;]<\/p>\n","protected":false},"author":1,"featured_media":0,"parent":0,"menu_order":0,"comment_status":"closed","ping_status":"closed","template":"","meta":{"give_campaign_id":0,"footnotes":""},"class_list":["post-5426","page","type-page","status-publish","hentry"],"yoast_head":"<!-- This site is optimized with the Yoast SEO plugin v27.4 - https:\/\/yoast.com\/product\/yoast-seo-wordpress\/ -->\n<title>Pol\u00edtica de Cookies - Fundaci\u00f3n Recover Hospitales para \u00c1frica<\/title>\n<meta name=\"robots\" content=\"noindex, follow\" \/>\n<meta property=\"og:locale\" content=\"en_GB\" \/>\n<meta property=\"og:type\" content=\"article\" \/>\n<meta property=\"og:title\" content=\"Pol\u00edtica de Cookies - Fundaci\u00f3n Recover Hospitales para \u00c1frica\" \/>\n<meta property=\"og:description\" content=\"En esta web recopilamos y utilizamos la informaci\u00f3n seg\u00fan indicamos en nuestra pol\u00edtica de privacidad. Una de las formas en las que recopilamos informaci\u00f3n es a trav\u00e9s del uso de la tecnolog\u00eda llamada \u201ccookies\u201d. En&nbsp;www.fundacionrecover.org, utilizamos cookies para varias cosas. \u00bfQu\u00e9 es una cookie y cu\u00e1l es su funci\u00f3n? Las cookies son peque\u00f1os archivos de [&hellip;]\" \/>\n<meta property=\"og:url\" content=\"https:\/\/fundacionrecover.org\/en\/cookie-policy\/\" \/>\n<meta property=\"og:site_name\" content=\"Fundaci\u00f3n Recover Hospitales para \u00c1frica\" \/>\n<meta property=\"article:publisher\" content=\"https:\/\/www.facebook.com\/fundacionrecover\/\" \/>\n<meta property=\"article:modified_time\" content=\"2024-06-14T10:55:27+00:00\" \/>\n<meta property=\"og:image\" content=\"https:\/\/fundacionrecover.org\/wp-content\/uploads\/2024\/05\/Logotipo_FundacionRecover_FondoVerde_ESP.png\" \/>\n\t<meta property=\"og:image:width\" content=\"334\" \/>\n\t<meta property=\"og:image:height\" content=\"272\" \/>\n\t<meta property=\"og:image:type\" content=\"image\/png\" \/>\n<meta name=\"twitter:card\" content=\"summary_large_image\" \/>\n<meta name=\"twitter:label1\" content=\"Estimated reading time\" \/>\n\t<meta name=\"twitter:data1\" content=\"5 minutes\" \/>\n<script type=\"application\/ld+json\" class=\"yoast-schema-graph\">{\"@context\":\"https:\\\/\\\/schema.org\",\"@graph\":[{\"@type\":\"WebPage\",\"@id\":\"https:\\\/\\\/fundacionrecover.org\\\/politica-de-cookies\\\/\",\"url\":\"https:\\\/\\\/fundacionrecover.org\\\/politica-de-cookies\\\/\",\"name\":\"Pol\u00edtica de Cookies - Fundaci\u00f3n Recover Hospitales para \u00c1frica\",\"isPartOf\":{\"@id\":\"https:\\\/\\\/fundacionrecover.org\\\/#website\"},\"datePublished\":\"2024-06-06T09:15:59+00:00\",\"dateModified\":\"2024-06-14T10:55:27+00:00\",\"breadcrumb\":{\"@id\":\"https:\\\/\\\/fundacionrecover.org\\\/politica-de-cookies\\\/#breadcrumb\"},\"inLanguage\":\"en-GB\",\"potentialAction\":[{\"@type\":\"ReadAction\",\"target\":[\"https:\\\/\\\/fundacionrecover.org\\\/politica-de-cookies\\\/\"]}]},{\"@type\":\"BreadcrumbList\",\"@id\":\"https:\\\/\\\/fundacionrecover.org\\\/politica-de-cookies\\\/#breadcrumb\",\"itemListElement\":[{\"@type\":\"ListItem\",\"position\":1,\"name\":\"Home\",\"item\":\"https:\\\/\\\/fundacionrecover.org\\\/\"},{\"@type\":\"ListItem\",\"position\":2,\"name\":\"Pol\u00edtica de Cookies\"}]},{\"@type\":\"WebSite\",\"@id\":\"https:\\\/\\\/fundacionrecover.org\\\/#website\",\"url\":\"https:\\\/\\\/fundacionrecover.org\\\/\",\"name\":\"Fundaci\u00f3n Recover Hospitales para \u00c1frica\",\"description\":\"Fundaci\u00f3n Recover\",\"publisher\":{\"@id\":\"https:\\\/\\\/fundacionrecover.org\\\/#organization\"},\"potentialAction\":[{\"@type\":\"SearchAction\",\"target\":{\"@type\":\"EntryPoint\",\"urlTemplate\":\"https:\\\/\\\/fundacionrecover.org\\\/?s={search_term_string}\"},\"query-input\":{\"@type\":\"PropertyValueSpecification\",\"valueRequired\":true,\"valueName\":\"search_term_string\"}}],\"inLanguage\":\"en-GB\"},{\"@type\":\"Organization\",\"@id\":\"https:\\\/\\\/fundacionrecover.org\\\/#organization\",\"name\":\"Fundaci\u00f3n Recover, Hospitales para \u00c1frica\",\"alternateName\":\"Fundaci\u00f3n Recover\",\"url\":\"https:\\\/\\\/fundacionrecover.org\\\/\",\"logo\":{\"@type\":\"ImageObject\",\"inLanguage\":\"en-GB\",\"@id\":\"https:\\\/\\\/fundacionrecover.org\\\/#\\\/schema\\\/logo\\\/image\\\/\",\"url\":\"https:\\\/\\\/fundacionrecover.org\\\/wp-content\\\/uploads\\\/2024\\\/03\\\/FundacionRecoverHospitalesParaAfrica_logo_blanco_cut.png\",\"contentUrl\":\"https:\\\/\\\/fundacionrecover.org\\\/wp-content\\\/uploads\\\/2024\\\/03\\\/FundacionRecoverHospitalesParaAfrica_logo_blanco_cut.png\",\"width\":335,\"height\":183,\"caption\":\"Fundaci\u00f3n Recover, Hospitales para \u00c1frica\"},\"image\":{\"@id\":\"https:\\\/\\\/fundacionrecover.org\\\/#\\\/schema\\\/logo\\\/image\\\/\"},\"sameAs\":[\"https:\\\/\\\/www.facebook.com\\\/fundacionrecover\\\/\",\"https:\\\/\\\/www.instagram.com\\\/fundacionrecover\\\/\",\"https:\\\/\\\/www.linkedin.com\\\/company\\\/fundaci\u00f3n-recover-hospitales-para-\u00e1frica\\\/\",\"https:\\\/\\\/www.tiktok.com\\\/@fundacionrecover\"]}]}<\/script>\n<!-- \/ Yoast SEO plugin. -->","yoast_head_json":{"title":"Cookie Policy - Recover Hospitals for Africa Foundation","robots":{"index":"noindex","follow":"follow"},"og_locale":"en_GB","og_type":"article","og_title":"Pol\u00edtica de Cookies - Fundaci\u00f3n Recover Hospitales para \u00c1frica","og_description":"En esta web recopilamos y utilizamos la informaci\u00f3n seg\u00fan indicamos en nuestra pol\u00edtica de privacidad. Una de las formas en las que recopilamos informaci\u00f3n es a trav\u00e9s del uso de la tecnolog\u00eda llamada \u201ccookies\u201d. En&nbsp;www.fundacionrecover.org, utilizamos cookies para varias cosas. \u00bfQu\u00e9 es una cookie y cu\u00e1l es su funci\u00f3n? Las cookies son peque\u00f1os archivos de [&hellip;]","og_url":"https:\/\/fundacionrecover.org\/en\/cookie-policy\/","og_site_name":"Fundaci\u00f3n Recover Hospitales para \u00c1frica","article_publisher":"https:\/\/www.facebook.com\/fundacionrecover\/","article_modified_time":"2024-06-14T10:55:27+00:00","og_image":[{"width":334,"height":272,"url":"https:\/\/fundacionrecover.org\/wp-content\/uploads\/2024\/05\/Logotipo_FundacionRecover_FondoVerde_ESP.png","type":"image\/png"}],"twitter_card":"summary_large_image","twitter_misc":{"Estimated reading time":"5 minutes"},"schema":{"@context":"https:\/\/schema.org","@graph":[{"@type":"WebPage","@id":"https:\/\/fundacionrecover.org\/politica-de-cookies\/","url":"https:\/\/fundacionrecover.org\/politica-de-cookies\/","name":"Cookie Policy - Recover Hospitals for Africa Foundation","isPartOf":{"@id":"https:\/\/fundacionrecover.org\/#website"},"datePublished":"2024-06-06T09:15:59+00:00","dateModified":"2024-06-14T10:55:27+00:00","breadcrumb":{"@id":"https:\/\/fundacionrecover.org\/politica-de-cookies\/#breadcrumb"},"inLanguage":"en-GB","potentialAction":[{"@type":"ReadAction","target":["https:\/\/fundacionrecover.org\/politica-de-cookies\/"]}]},{"@type":"BreadcrumbList","@id":"https:\/\/fundacionrecover.org\/politica-de-cookies\/#breadcrumb","itemListElement":[{"@type":"ListItem","position":1,"name":"Home","item":"https:\/\/fundacionrecover.org\/"},{"@type":"ListItem","position":2,"name":"Pol\u00edtica de Cookies"}]},{"@type":"WebSite","@id":"https:\/\/fundacionrecover.org\/#website","url":"https:\/\/fundacionrecover.org\/","name":"Recover Foundation, Hospitals for Africa","description":"Recover Foundation","publisher":{"@id":"https:\/\/fundacionrecover.org\/#organization"},"potentialAction":[{"@type":"SearchAction","target":{"@type":"EntryPoint","urlTemplate":"https:\/\/fundacionrecover.org\/?s={search_term_string}"},"query-input":{"@type":"PropertyValueSpecification","valueRequired":true,"valueName":"search_term_string"}}],"inLanguage":"en-GB"},{"@type":"Organization","@id":"https:\/\/fundacionrecover.org\/#organization","name":"Recover Foundation, Hospitals for Africa","alternateName":"Fundaci\u00f3n Recover","url":"https:\/\/fundacionrecover.org\/","logo":{"@type":"ImageObject","inLanguage":"en-GB","@id":"https:\/\/fundacionrecover.org\/#\/schema\/logo\/image\/","url":"https:\/\/fundacionrecover.org\/wp-content\/uploads\/2024\/03\/FundacionRecoverHospitalesParaAfrica_logo_blanco_cut.png","contentUrl":"https:\/\/fundacionrecover.org\/wp-content\/uploads\/2024\/03\/FundacionRecoverHospitalesParaAfrica_logo_blanco_cut.png","width":335,"height":183,"caption":"Fundaci\u00f3n Recover, Hospitales para \u00c1frica"},"image":{"@id":"https:\/\/fundacionrecover.org\/#\/schema\/logo\/image\/"},"sameAs":["https:\/\/www.facebook.com\/fundacionrecover\/","https:\/\/www.instagram.com\/fundacionrecover\/","https:\/\/www.linkedin.com\/company\/fundaci\u00f3n-recover-hospitales-para-\u00e1frica\/","https:\/\/www.tiktok.com\/@fundacionrecover"]}]}},"campaignId":"","_links":{"self":[{"href":"https:\/\/fundacionrecover.org\/en\/wp-json\/wp\/v2\/pages\/5426","targetHints":{"allow":["GET"]}}],"collection":[{"href":"https:\/\/fundacionrecover.org\/en\/wp-json\/wp\/v2\/pages"}],"about":[{"href":"https:\/\/fundacionrecover.org\/en\/wp-json\/wp\/v2\/types\/page"}],"author":[{"embeddable":true,"href":"https:\/\/fundacionrecover.org\/en\/wp-json\/wp\/v2\/users\/1"}],"replies":[{"embeddable":true,"href":"https:\/\/fundacionrecover.org\/en\/wp-json\/wp\/v2\/comments?post=5426"}],"version-history":[{"count":0,"href":"https:\/\/fundacionrecover.org\/en\/wp-json\/wp\/v2\/pages\/5426\/revisions"}],"wp:attachment":[{"href":"https:\/\/fundacionrecover.org\/en\/wp-json\/wp\/v2\/media?parent=5426"}],"curies":[{"name":"wp","href":"https:\/\/api.w.org\/{rel}","templated":true}]}}