{"id":5882,"date":"2024-06-12T21:29:32","date_gmt":"2024-06-12T19:29:32","guid":{"rendered":"https:\/\/fundacionrecover.org\/?page_id=5882"},"modified":"2025-03-03T17:19:44","modified_gmt":"2025-03-03T16:19:44","slug":"marta-maranon-medina","status":"publish","type":"page","link":"https:\/\/fundacionrecover.org\/en\/marta-maranon-medina\/","title":{"rendered":"Marta Mara\u00f1\u00f3n Medina"},"content":{"rendered":"<div data-elementor-type=\"wp-page\" data-elementor-id=\"5882\" class=\"elementor elementor-5882\" data-elementor-post-type=\"page\">\n\t\t\t\t<div class=\"elementor-element elementor-element-d6a4ba5 e-flex e-con-boxed e-con e-parent\" data-id=\"d6a4ba5\" data-element_type=\"container\">\n\t\t\t\t\t<div class=\"e-con-inner\">\n\t\t<div class=\"elementor-element elementor-element-f548b85 e-con-full e-flex e-con e-child\" data-id=\"f548b85\" data-element_type=\"container\">\n\t\t\t\t<div class=\"elementor-element elementor-element-0e16d2f elementor-widget__width-initial elementor-widget-tablet__width-initial elementor-widget elementor-widget-image\" data-id=\"0e16d2f\" data-element_type=\"widget\" data-widget_type=\"image.default\">\n\t\t\t\t<div class=\"elementor-widget-container\">\n\t\t\t\t\t\t\t\t\t\t\t\t\t\t\t<img fetchpriority=\"high\" decoding=\"async\" width=\"600\" height=\"900\" src=\"https:\/\/fundacionrecover.org\/wp-content\/uploads\/2024\/06\/WhatsApp-Image-2024-06-12-at-21.42.38.jpg\" class=\"attachment-medium_large size-medium_large wp-image-5889\" alt=\"\" srcset=\"https:\/\/fundacionrecover.org\/wp-content\/uploads\/2024\/06\/WhatsApp-Image-2024-06-12-at-21.42.38.jpg 600w, https:\/\/fundacionrecover.org\/wp-content\/uploads\/2024\/06\/WhatsApp-Image-2024-06-12-at-21.42.38-200x300.jpg 200w\" sizes=\"(max-width: 600px) 100vw, 600px\" \/>\t\t\t\t\t\t\t\t\t\t\t\t\t\t\t<\/div>\n\t\t\t\t<\/div>\n\t\t\t\t<\/div>\n\t\t<div class=\"elementor-element elementor-element-defaebf e-con-full e-flex e-con e-child\" data-id=\"defaebf\" data-element_type=\"container\">\n\t\t\t\t<div class=\"elementor-element elementor-element-b09cf81 elementor-widget elementor-widget-heading\" data-id=\"b09cf81\" data-element_type=\"widget\" data-widget_type=\"heading.default\">\n\t\t\t\t<div class=\"elementor-widget-container\">\n\t\t\t\t\t<h1 class=\"elementor-heading-title elementor-size-default\">Marta Mara\u00f1\u00f3n Medina, directora general de Fundaci\u00f3n Recover<\/h1>\t\t\t\t<\/div>\n\t\t\t\t<\/div>\n\t\t\t\t<div class=\"elementor-element elementor-element-060024f elementor-widget elementor-widget-image\" data-id=\"060024f\" data-element_type=\"widget\" data-widget_type=\"image.default\">\n\t\t\t\t<div class=\"elementor-widget-container\">\n\t\t\t\t\t\t\t\t\t\t\t\t\t\t\t<img decoding=\"async\" width=\"800\" height=\"28\" src=\"https:\/\/fundacionrecover.org\/wp-content\/uploads\/2024\/04\/Barra_degradado.png\" class=\"attachment-large size-large wp-image-1370\" alt=\"\" srcset=\"https:\/\/fundacionrecover.org\/wp-content\/uploads\/2024\/04\/Barra_degradado.png 800w, https:\/\/fundacionrecover.org\/wp-content\/uploads\/2024\/04\/Barra_degradado-300x11.png 300w, https:\/\/fundacionrecover.org\/wp-content\/uploads\/2024\/04\/Barra_degradado-768x27.png 768w\" sizes=\"(max-width: 800px) 100vw, 800px\" \/>\t\t\t\t\t\t\t\t\t\t\t\t\t\t\t<\/div>\n\t\t\t\t<\/div>\n\t\t\t\t<div class=\"elementor-element elementor-element-4a54e64 elementor-widget elementor-widget-text-editor\" data-id=\"4a54e64\" data-element_type=\"widget\" data-widget_type=\"text-editor.default\">\n\t\t\t\t<div class=\"elementor-widget-container\">\n\t\t\t\t\t\t\t\t\t<p>Marta Mara\u00f1\u00f3n lleva m\u00e1s de 20 a\u00f1os trabajando en equipos directivos de fundaciones. Es una firme defensora de la profesionalizaci\u00f3n de las organizaciones del Tercer Sector. En 2023 y en 2024 ha sido nombrada Top 100 mujer l\u00edder de Espa\u00f1a<\/p>\t\t\t\t\t\t\t\t<\/div>\n\t\t\t\t<\/div>\n\t\t\t\t<div class=\"elementor-element elementor-element-0ebf82a elementor-widget__width-initial elementor-widget elementor-widget-image\" data-id=\"0ebf82a\" data-element_type=\"widget\" data-widget_type=\"image.default\">\n\t\t\t\t<div class=\"elementor-widget-container\">\n\t\t\t\t\t\t\t\t\t\t\t\t\t\t\t<img decoding=\"async\" width=\"500\" height=\"500\" src=\"https:\/\/fundacionrecover.org\/wp-content\/uploads\/2025\/03\/edicion12-SELLO-soytop100_scale.png\" class=\"attachment-large size-large wp-image-9195\" alt=\"\" srcset=\"https:\/\/fundacionrecover.org\/wp-content\/uploads\/2025\/03\/edicion12-SELLO-soytop100_scale.png 500w, https:\/\/fundacionrecover.org\/wp-content\/uploads\/2025\/03\/edicion12-SELLO-soytop100_scale-300x300.png 300w, https:\/\/fundacionrecover.org\/wp-content\/uploads\/2025\/03\/edicion12-SELLO-soytop100_scale-150x150.png 150w, https:\/\/fundacionrecover.org\/wp-content\/uploads\/2025\/03\/edicion12-SELLO-soytop100_scale-12x12.png 12w\" sizes=\"(max-width: 500px) 100vw, 500px\" \/>\t\t\t\t\t\t\t\t\t\t\t\t\t\t\t<\/div>\n\t\t\t\t<\/div>\n\t\t\t\t<\/div>\n\t\t\t\t\t<\/div>\n\t\t\t\t<\/div>\n\t\t<div class=\"elementor-element elementor-element-ab678ca e-flex e-con-boxed e-con e-parent\" data-id=\"ab678ca\" data-element_type=\"container\">\n\t\t\t\t\t<div class=\"e-con-inner\">\n\t\t\t\t<div class=\"elementor-element elementor-element-bb14397 elementor-widget elementor-widget-text-editor\" data-id=\"bb14397\" data-element_type=\"widget\" data-widget_type=\"text-editor.default\">\n\t\t\t\t<div class=\"elementor-widget-container\">\n\t\t\t\t\t\t\t\t\t<p>Como directora de Fundaci\u00f3n Recover, promueve la <span style=\"color: #ff6b00;\"><strong>cooperaci\u00f3n sanitaria en pa\u00edses de \u00c1frica Subsahariana<\/strong><\/span>. Ge\u00f3grafa de formaci\u00f3n, se especializ\u00f3 en evaluaci\u00f3n de programas y proyectos de cooperaci\u00f3n al desarrollo y acci\u00f3n humanitaria cuando fue nombrada subdirectora de la Fundaci\u00f3n DARA Internacional en 2003. Desde entonces, ha conducido <strong>m\u00e1s de 30 misiones de trabajo en contextos de crisis<\/strong> y en m\u00faltiples pa\u00edses de <strong>Am\u00e9rica Latina, \u00c1frica y Asia<\/strong>. Realiz\u00f3 el Programa de Liderazgo e Innovaci\u00f3n Social en las Organizaciones no Gubernamentales de ESADE cuando entr\u00f3 a formar parte del equipo directivo de Ayuda en Acci\u00f3n. Durante 12 a\u00f1os represent\u00f3 institucionalmente a Ayuda en Acci\u00f3n y promovi\u00f3 las alianzas con el sector privado.<\/p>\t\t\t\t\t\t\t\t<\/div>\n\t\t\t\t<\/div>\n\t\t\t\t\t<\/div>\n\t\t\t\t<\/div>\n\t\t<div class=\"elementor-element elementor-element-3b1c56a e-flex e-con-boxed e-con e-parent\" data-id=\"3b1c56a\" data-element_type=\"container\">\n\t\t\t\t\t<div class=\"e-con-inner\">\n\t\t<div class=\"elementor-element elementor-element-b99a782 e-con-full e-flex e-con e-child\" data-id=\"b99a782\" data-element_type=\"container\">\n\t\t\t\t<div class=\"elementor-element elementor-element-2a95aeb elementor-widget elementor-widget-text-editor\" data-id=\"2a95aeb\" data-element_type=\"widget\" data-widget_type=\"text-editor.default\">\n\t\t\t\t<div class=\"elementor-widget-container\">\n\t\t\t\t\t\t\t\t\t<p>Ha ejercido de portavoz en medios de comunicaci\u00f3n y ha participado en m\u00faltiples foros y congresos nacionales e internacionales <span style=\"color: #ff6b00;\"><strong>promoviendo el papel de la sociedad civil<\/strong><\/span> e impulsando la <strong>medici\u00f3n del impacto social, la sostenibilidad y la responsabilidad social corporativa<\/strong>. Tiene experiencia docente y ha contribuido a tejer <strong><span style=\"color: #ff6b00;\">alianzas estrat\u00e9gicas y sinergias de colaboraci\u00f3n<\/span><\/strong> entre organizaciones de la sociedad civil y el sector privado para generar m\u00e1s y mejor impacto social.<\/p>\t\t\t\t\t\t\t\t<\/div>\n\t\t\t\t<\/div>\n\t\t\t\t<div class=\"elementor-element elementor-element-6be6690 elementor-widget elementor-widget-text-editor\" data-id=\"6be6690\" data-element_type=\"widget\" data-widget_type=\"text-editor.default\">\n\t\t\t\t<div class=\"elementor-widget-container\">\n\t\t\t\t\t\t\t\t\t<p>Marta Mara\u00f1\u00f3n ha sido miembro de las Juntas Directivas de FOR\u00c9TICA y de la Asociaci\u00f3n Espa\u00f1ola de Fundaciones. Es tambi\u00e9n presidenta de la Sociedad de Amigos del Museo Nacional de Ciencias Naturales y Patrona de la Fundaci\u00f3n Ortega y Gasset-Mara\u00f1\u00f3n.<\/p>\t\t\t\t\t\t\t\t<\/div>\n\t\t\t\t<\/div>\n\t\t\t\t<div class=\"elementor-element elementor-element-82e560a elementor-shape-rounded elementor-grid-0 e-grid-align-center elementor-widget elementor-widget-social-icons\" data-id=\"82e560a\" data-element_type=\"widget\" data-widget_type=\"social-icons.default\">\n\t\t\t\t<div class=\"elementor-widget-container\">\n\t\t\t\t\t\t\t<div class=\"elementor-social-icons-wrapper elementor-grid\">\n\t\t\t\t\t\t\t<span class=\"elementor-grid-item\">\n\t\t\t\t\t<a class=\"elementor-icon elementor-social-icon elementor-social-icon-linkedin elementor-repeater-item-fc86412\" href=\"https:\/\/www.linkedin.com\/in\/marta-mara%C3%B1%C3%B3n-medina-a5a7971a\/\" target=\"_blank\" rel=\"nofollow\">\n\t\t\t\t\t\t<span class=\"elementor-screen-only\">Linkedin<\/span>\n\t\t\t\t\t\t<svg aria-hidden=\"true\" class=\"e-font-icon-svg e-fab-linkedin\" viewbox=\"0 0 448 512\" xmlns=\"http:\/\/www.w3.org\/2000\/svg\"><path d=\"M416 32H31.9C14.3 32 0 46.5 0 64.3v383.4C0 465.5 14.3 480 31.9 480H416c17.6 0 32-14.5 32-32.3V64.3c0-17.8-14.4-32.3-32-32.3zM135.4 416H69V202.2h66.5V416zm-33.2-243c-21.3 0-38.5-17.3-38.5-38.5S80.9 96 102.2 96c21.2 0 38.5 17.3 38.5 38.5 0 21.3-17.2 38.5-38.5 38.5zm282.1 243h-66.4V312c0-24.8-.5-56.7-34.5-56.7-34.6 0-39.9 27-39.9 54.9V416h-66.4V202.2h63.7v29.2h.9c8.9-16.8 30.6-34.5 62.9-34.5 67.2 0 79.7 44.3 79.7 101.9V416z\"><\/path><\/svg>\t\t\t\t\t<\/a>\n\t\t\t\t<\/span>\n\t\t\t\t\t<\/div>\n\t\t\t\t\t\t<\/div>\n\t\t\t\t<\/div>\n\t\t\t\t<\/div>\n\t\t<div class=\"elementor-element elementor-element-9187255 e-con-full e-flex e-con e-child\" data-id=\"9187255\" data-element_type=\"container\">\n\t\t\t\t<div class=\"elementor-element elementor-element-618aefe elementor-widget elementor-widget-image\" data-id=\"618aefe\" data-element_type=\"widget\" data-widget_type=\"image.default\">\n\t\t\t\t<div class=\"elementor-widget-container\">\n\t\t\t\t\t\t\t\t\t\t\t\t\t\t\t<img loading=\"lazy\" decoding=\"async\" width=\"600\" height=\"800\" src=\"https:\/\/fundacionrecover.org\/wp-content\/uploads\/2024\/06\/WhatsApp-Image-2024-06-12-at-21.44.56.jpg\" class=\"attachment-large size-large wp-image-5890\" alt=\"\" srcset=\"https:\/\/fundacionrecover.org\/wp-content\/uploads\/2024\/06\/WhatsApp-Image-2024-06-12-at-21.44.56.jpg 600w, https:\/\/fundacionrecover.org\/wp-content\/uploads\/2024\/06\/WhatsApp-Image-2024-06-12-at-21.44.56-225x300.jpg 225w\" sizes=\"(max-width: 600px) 100vw, 600px\" \/>\t\t\t\t\t\t\t\t\t\t\t\t\t\t\t<\/div>\n\t\t\t\t<\/div>\n\t\t\t\t<\/div>\n\t\t\t\t\t<\/div>\n\t\t\t\t<\/div>\n\t\t<div class=\"elementor-element elementor-element-9719956 e-flex e-con-boxed e-con e-parent\" data-id=\"9719956\" data-element_type=\"container\" data-settings=\"{&quot;background_background&quot;:&quot;classic&quot;}\">\n\t\t\t\t\t<div class=\"e-con-inner\">\n\t\t<div class=\"elementor-element elementor-element-957ced5 e-con-full e-flex e-con e-child\" data-id=\"957ced5\" data-element_type=\"container\">\n\t\t<div class=\"elementor-element elementor-element-a922055 e-con-full e-flex e-con e-child\" data-id=\"a922055\" data-element_type=\"container\">\n\t\t\t\t<div class=\"elementor-element elementor-element-6404a8b elementor-align-left elementor-invisible elementor-widget elementor-widget-button\" data-id=\"6404a8b\" data-element_type=\"widget\" data-settings=\"{&quot;_animation&quot;:&quot;fadeInDown&quot;}\" data-widget_type=\"button.default\">\n\t\t\t\t<div class=\"elementor-widget-container\">\n\t\t\t\t\t\t\t\t\t<div class=\"elementor-button-wrapper\">\n\t\t\t\t\t<a class=\"elementor-button elementor-button-link elementor-size-sm\" href=\"\/en\/become-partner\/\">\n\t\t\t\t\t\t<span class=\"elementor-button-content-wrapper\">\n\t\t\t\t\t\t\t\t\t<span class=\"elementor-button-text\">BECOME A PARTNER<\/span>\n\t\t\t\t\t<\/span>\n\t\t\t\t\t<\/a>\n\t\t\t\t<\/div>\n\t\t\t\t\t\t\t\t<\/div>\n\t\t\t\t<\/div>\n\t\t\t\t<\/div>\n\t\t\t\t<\/div>\n\t\t\t\t\t<\/div>\n\t\t\t\t<\/div>\n\t\t\t\t<\/div>","protected":false},"excerpt":{"rendered":"<p>Marta Mara\u00f1\u00f3n Medina, directora general de Fundaci\u00f3n Recover Marta Mara\u00f1\u00f3n lleva m\u00e1s de 20 a\u00f1os trabajando en equipos directivos de fundaciones. Es una firme defensora de la profesionalizaci\u00f3n de las organizaciones del Tercer Sector. En 2023 y en 2024 ha sido nombrada Top 100 mujer l\u00edder de Espa\u00f1a Como directora de Fundaci\u00f3n Recover, promueve la [&hellip;]<\/p>\n","protected":false},"author":1,"featured_media":0,"parent":0,"menu_order":0,"comment_status":"closed","ping_status":"closed","template":"elementor_header_footer","meta":{"give_campaign_id":0,"footnotes":""},"class_list":["post-5882","page","type-page","status-publish","hentry"],"yoast_head":"<!-- This site is optimized with the Yoast SEO plugin v27.2 - https:\/\/yoast.com\/product\/yoast-seo-wordpress\/ -->\n<title>Marta Mara\u00f1\u00f3n Medina - Fundaci\u00f3n Recover Hospitales para \u00c1frica<\/title>\n<meta name=\"robots\" content=\"index, follow, max-snippet:-1, max-image-preview:large, max-video-preview:-1\" \/>\n<link rel=\"canonical\" href=\"https:\/\/fundacionrecover.org\/en\/marta-maranon-medina\/\" \/>\n<meta property=\"og:locale\" content=\"en_GB\" \/>\n<meta property=\"og:type\" content=\"article\" \/>\n<meta property=\"og:title\" content=\"Marta Mara\u00f1\u00f3n Medina - Fundaci\u00f3n Recover Hospitales para \u00c1frica\" \/>\n<meta property=\"og:description\" content=\"Marta Mara\u00f1\u00f3n Medina, directora general de Fundaci\u00f3n Recover Marta Mara\u00f1\u00f3n lleva m\u00e1s de 20 a\u00f1os trabajando en equipos directivos de fundaciones. Es una firme defensora de la profesionalizaci\u00f3n de las organizaciones del Tercer Sector. En 2023 y en 2024 ha sido nombrada Top 100 mujer l\u00edder de Espa\u00f1a Como directora de Fundaci\u00f3n Recover, promueve la [&hellip;]\" \/>\n<meta property=\"og:url\" content=\"https:\/\/fundacionrecover.org\/en\/marta-maranon-medina\/\" \/>\n<meta property=\"og:site_name\" content=\"Fundaci\u00f3n Recover Hospitales para \u00c1frica\" \/>\n<meta property=\"article:publisher\" content=\"https:\/\/www.facebook.com\/fundacionrecover\/\" \/>\n<meta property=\"article:modified_time\" content=\"2025-03-03T16:19:44+00:00\" \/>\n<meta property=\"og:image\" content=\"https:\/\/fundacionrecover.org\/wp-content\/uploads\/2024\/06\/WhatsApp-Image-2024-06-12-at-21.42.38.jpg\" \/>\n\t<meta property=\"og:image:width\" content=\"600\" \/>\n\t<meta property=\"og:image:height\" content=\"900\" \/>\n\t<meta property=\"og:image:type\" content=\"image\/jpeg\" \/>\n<meta name=\"twitter:card\" content=\"summary_large_image\" \/>\n<meta name=\"twitter:label1\" content=\"Estimated reading time\" \/>\n\t<meta name=\"twitter:data1\" content=\"3 minutes\" \/>\n<script type=\"application\/ld+json\" class=\"yoast-schema-graph\">{\"@context\":\"https:\/\/schema.org\",\"@graph\":[{\"@type\":\"WebPage\",\"@id\":\"https:\/\/fundacionrecover.org\/marta-maranon-medina\/\",\"url\":\"https:\/\/fundacionrecover.org\/marta-maranon-medina\/\",\"name\":\"Marta Mara\u00f1\u00f3n Medina - Fundaci\u00f3n Recover Hospitales para \u00c1frica\",\"isPartOf\":{\"@id\":\"https:\/\/fundacionrecover.org\/#website\"},\"primaryImageOfPage\":{\"@id\":\"https:\/\/fundacionrecover.org\/marta-maranon-medina\/#primaryimage\"},\"image\":{\"@id\":\"https:\/\/fundacionrecover.org\/marta-maranon-medina\/#primaryimage\"},\"thumbnailUrl\":\"https:\/\/fundacionrecover.org\/wp-content\/uploads\/2024\/06\/WhatsApp-Image-2024-06-12-at-21.42.38.jpg\",\"datePublished\":\"2024-06-12T19:29:32+00:00\",\"dateModified\":\"2025-03-03T16:19:44+00:00\",\"breadcrumb\":{\"@id\":\"https:\/\/fundacionrecover.org\/marta-maranon-medina\/#breadcrumb\"},\"inLanguage\":\"en-GB\",\"potentialAction\":[{\"@type\":\"ReadAction\",\"target\":[\"https:\/\/fundacionrecover.org\/marta-maranon-medina\/\"]}]},{\"@type\":\"ImageObject\",\"inLanguage\":\"en-GB\",\"@id\":\"https:\/\/fundacionrecover.org\/marta-maranon-medina\/#primaryimage\",\"url\":\"https:\/\/fundacionrecover.org\/wp-content\/uploads\/2024\/06\/WhatsApp-Image-2024-06-12-at-21.42.38.jpg\",\"contentUrl\":\"https:\/\/fundacionrecover.org\/wp-content\/uploads\/2024\/06\/WhatsApp-Image-2024-06-12-at-21.42.38.jpg\"},{\"@type\":\"BreadcrumbList\",\"@id\":\"https:\/\/fundacionrecover.org\/marta-maranon-medina\/#breadcrumb\",\"itemListElement\":[{\"@type\":\"ListItem\",\"position\":1,\"name\":\"Home\",\"item\":\"https:\/\/fundacionrecover.org\/\"},{\"@type\":\"ListItem\",\"position\":2,\"name\":\"Marta Mara\u00f1\u00f3n Medina\"}]},{\"@type\":\"WebSite\",\"@id\":\"https:\/\/fundacionrecover.org\/#website\",\"url\":\"https:\/\/fundacionrecover.org\/\",\"name\":\"Fundaci\u00f3n Recover Hospitales para \u00c1frica\",\"description\":\"Fundaci\u00f3n Recover\",\"publisher\":{\"@id\":\"https:\/\/fundacionrecover.org\/#organization\"},\"potentialAction\":[{\"@type\":\"SearchAction\",\"target\":{\"@type\":\"EntryPoint\",\"urlTemplate\":\"https:\/\/fundacionrecover.org\/?s={search_term_string}\"},\"query-input\":{\"@type\":\"PropertyValueSpecification\",\"valueRequired\":true,\"valueName\":\"search_term_string\"}}],\"inLanguage\":\"en-GB\"},{\"@type\":\"Organization\",\"@id\":\"https:\/\/fundacionrecover.org\/#organization\",\"name\":\"Fundaci\u00f3n Recover, Hospitales para \u00c1frica\",\"alternateName\":\"Fundaci\u00f3n Recover\",\"url\":\"https:\/\/fundacionrecover.org\/\",\"logo\":{\"@type\":\"ImageObject\",\"inLanguage\":\"en-GB\",\"@id\":\"https:\/\/fundacionrecover.org\/#\/schema\/logo\/image\/\",\"url\":\"https:\/\/fundacionrecover.org\/wp-content\/uploads\/2024\/03\/FundacionRecoverHospitalesParaAfrica_logo_blanco_cut.png\",\"contentUrl\":\"https:\/\/fundacionrecover.org\/wp-content\/uploads\/2024\/03\/FundacionRecoverHospitalesParaAfrica_logo_blanco_cut.png\",\"width\":335,\"height\":183,\"caption\":\"Fundaci\u00f3n Recover, Hospitales para \u00c1frica\"},\"image\":{\"@id\":\"https:\/\/fundacionrecover.org\/#\/schema\/logo\/image\/\"},\"sameAs\":[\"https:\/\/www.facebook.com\/fundacionrecover\/\",\"https:\/\/www.instagram.com\/fundacionrecover\/\",\"https:\/\/www.linkedin.com\/company\/fundaci\u00f3n-recover-hospitales-para-\u00e1frica\/\",\"https:\/\/www.tiktok.com\/@fundacionrecover\"]}]}<\/script>\n<!-- \/ Yoast SEO plugin. -->","yoast_head_json":{"title":"Marta Mara\u00f1\u00f3n Medina - Fundaci\u00f3n Recover Hospitales para \u00c1frica","robots":{"index":"index","follow":"follow","max-snippet":"max-snippet:-1","max-image-preview":"max-image-preview:large","max-video-preview":"max-video-preview:-1"},"canonical":"https:\/\/fundacionrecover.org\/en\/marta-maranon-medina\/","og_locale":"en_GB","og_type":"article","og_title":"Marta Mara\u00f1\u00f3n Medina - Fundaci\u00f3n Recover Hospitales para \u00c1frica","og_description":"Marta Mara\u00f1\u00f3n Medina, directora general de Fundaci\u00f3n Recover Marta Mara\u00f1\u00f3n lleva m\u00e1s de 20 a\u00f1os trabajando en equipos directivos de fundaciones. Es una firme defensora de la profesionalizaci\u00f3n de las organizaciones del Tercer Sector. En 2023 y en 2024 ha sido nombrada Top 100 mujer l\u00edder de Espa\u00f1a Como directora de Fundaci\u00f3n Recover, promueve la [&hellip;]","og_url":"https:\/\/fundacionrecover.org\/en\/marta-maranon-medina\/","og_site_name":"Fundaci\u00f3n Recover Hospitales para \u00c1frica","article_publisher":"https:\/\/www.facebook.com\/fundacionrecover\/","article_modified_time":"2025-03-03T16:19:44+00:00","og_image":[{"width":600,"height":900,"url":"https:\/\/fundacionrecover.org\/wp-content\/uploads\/2024\/06\/WhatsApp-Image-2024-06-12-at-21.42.38.jpg","type":"image\/jpeg"}],"twitter_card":"summary_large_image","twitter_misc":{"Estimated reading time":"3 minutes"},"schema":{"@context":"https:\/\/schema.org","@graph":[{"@type":"WebPage","@id":"https:\/\/fundacionrecover.org\/marta-maranon-medina\/","url":"https:\/\/fundacionrecover.org\/marta-maranon-medina\/","name":"Marta Mara\u00f1\u00f3n Medina - Fundaci\u00f3n Recover Hospitales para \u00c1frica","isPartOf":{"@id":"https:\/\/fundacionrecover.org\/#website"},"primaryImageOfPage":{"@id":"https:\/\/fundacionrecover.org\/marta-maranon-medina\/#primaryimage"},"image":{"@id":"https:\/\/fundacionrecover.org\/marta-maranon-medina\/#primaryimage"},"thumbnailUrl":"https:\/\/fundacionrecover.org\/wp-content\/uploads\/2024\/06\/WhatsApp-Image-2024-06-12-at-21.42.38.jpg","datePublished":"2024-06-12T19:29:32+00:00","dateModified":"2025-03-03T16:19:44+00:00","breadcrumb":{"@id":"https:\/\/fundacionrecover.org\/marta-maranon-medina\/#breadcrumb"},"inLanguage":"en-GB","potentialAction":[{"@type":"ReadAction","target":["https:\/\/fundacionrecover.org\/marta-maranon-medina\/"]}]},{"@type":"ImageObject","inLanguage":"en-GB","@id":"https:\/\/fundacionrecover.org\/marta-maranon-medina\/#primaryimage","url":"https:\/\/fundacionrecover.org\/wp-content\/uploads\/2024\/06\/WhatsApp-Image-2024-06-12-at-21.42.38.jpg","contentUrl":"https:\/\/fundacionrecover.org\/wp-content\/uploads\/2024\/06\/WhatsApp-Image-2024-06-12-at-21.42.38.jpg"},{"@type":"BreadcrumbList","@id":"https:\/\/fundacionrecover.org\/marta-maranon-medina\/#breadcrumb","itemListElement":[{"@type":"ListItem","position":1,"name":"Home","item":"https:\/\/fundacionrecover.org\/"},{"@type":"ListItem","position":2,"name":"Marta Mara\u00f1\u00f3n Medina"}]},{"@type":"WebSite","@id":"https:\/\/fundacionrecover.org\/#website","url":"https:\/\/fundacionrecover.org\/","name":"Recover Foundation, Hospitals for Africa","description":"Recover Foundation","publisher":{"@id":"https:\/\/fundacionrecover.org\/#organization"},"potentialAction":[{"@type":"SearchAction","target":{"@type":"EntryPoint","urlTemplate":"https:\/\/fundacionrecover.org\/?s={search_term_string}"},"query-input":{"@type":"PropertyValueSpecification","valueRequired":true,"valueName":"search_term_string"}}],"inLanguage":"en-GB"},{"@type":"Organization","@id":"https:\/\/fundacionrecover.org\/#organization","name":"Recover Foundation, Hospitals for Africa","alternateName":"Fundaci\u00f3n Recover","url":"https:\/\/fundacionrecover.org\/","logo":{"@type":"ImageObject","inLanguage":"en-GB","@id":"https:\/\/fundacionrecover.org\/#\/schema\/logo\/image\/","url":"https:\/\/fundacionrecover.org\/wp-content\/uploads\/2024\/03\/FundacionRecoverHospitalesParaAfrica_logo_blanco_cut.png","contentUrl":"https:\/\/fundacionrecover.org\/wp-content\/uploads\/2024\/03\/FundacionRecoverHospitalesParaAfrica_logo_blanco_cut.png","width":335,"height":183,"caption":"Fundaci\u00f3n Recover, Hospitales para \u00c1frica"},"image":{"@id":"https:\/\/fundacionrecover.org\/#\/schema\/logo\/image\/"},"sameAs":["https:\/\/www.facebook.com\/fundacionrecover\/","https:\/\/www.instagram.com\/fundacionrecover\/","https:\/\/www.linkedin.com\/company\/fundaci\u00f3n-recover-hospitales-para-\u00e1frica\/","https:\/\/www.tiktok.com\/@fundacionrecover"]}]}},"campaignId":"","_links":{"self":[{"href":"https:\/\/fundacionrecover.org\/en\/wp-json\/wp\/v2\/pages\/5882","targetHints":{"allow":["GET"]}}],"collection":[{"href":"https:\/\/fundacionrecover.org\/en\/wp-json\/wp\/v2\/pages"}],"about":[{"href":"https:\/\/fundacionrecover.org\/en\/wp-json\/wp\/v2\/types\/page"}],"author":[{"embeddable":true,"href":"https:\/\/fundacionrecover.org\/en\/wp-json\/wp\/v2\/users\/1"}],"replies":[{"embeddable":true,"href":"https:\/\/fundacionrecover.org\/en\/wp-json\/wp\/v2\/comments?post=5882"}],"version-history":[{"count":0,"href":"https:\/\/fundacionrecover.org\/en\/wp-json\/wp\/v2\/pages\/5882\/revisions"}],"wp:attachment":[{"href":"https:\/\/fundacionrecover.org\/en\/wp-json\/wp\/v2\/media?parent=5882"}],"curies":[{"name":"wp","href":"https:\/\/api.w.org\/{rel}","templated":true}]}}