{"id":3220,"date":"2024-05-14T11:59:58","date_gmt":"2024-05-14T09:59:58","guid":{"rendered":"https:\/\/fundacionrecover.org\/?page_id=3220"},"modified":"2024-05-23T12:46:06","modified_gmt":"2024-05-23T10:46:06","slug":"canal-de-recalamation","status":"publish","type":"page","link":"https:\/\/fundacionrecover.org\/fr\/canal-de-denuncias\/","title":{"rendered":"Canal de plaintes"},"content":{"rendered":"<div data-elementor-type=\"wp-page\" data-elementor-id=\"3220\" class=\"elementor elementor-3220\" data-elementor-post-type=\"page\">\n\t\t\t\t<div class=\"elementor-element elementor-element-f0cea6d e-flex e-con-boxed e-con e-parent\" data-id=\"f0cea6d\" data-element_type=\"container\" data-e-type=\"container\" data-settings=\"{&quot;background_background&quot;:&quot;classic&quot;}\">\n\t\t\t\t\t<div class=\"e-con-inner\">\n\t\t<div class=\"elementor-element elementor-element-7ab3b98 e-con-full e-flex e-con e-child\" data-id=\"7ab3b98\" data-element_type=\"container\" data-e-type=\"container\">\n\t\t<div class=\"elementor-element elementor-element-39bc8fb e-con-full e-flex e-con e-child\" data-id=\"39bc8fb\" data-element_type=\"container\" data-e-type=\"container\">\n\t\t\t\t<div class=\"elementor-element elementor-element-ac5d1dd elementor-widget__width-initial elementor-invisible elementor-widget elementor-widget-heading\" data-id=\"ac5d1dd\" data-element_type=\"widget\" data-e-type=\"widget\" data-settings=\"{&quot;_animation&quot;:&quot;fadeIn&quot;}\" data-widget_type=\"heading.default\">\n\t\t\t\t<div class=\"elementor-widget-container\">\n\t\t\t\t\t<h2 class=\"elementor-heading-title elementor-size-default\">CANAL DE R\u00c9CLAMATION<\/h2>\t\t\t\t<\/div>\n\t\t\t\t<\/div>\n\t\t\t\t<\/div>\n\t\t\t\t<\/div>\n\t\t\t\t\t<\/div>\n\t\t\t\t<\/div>\n\t\t<div class=\"elementor-element elementor-element-e6b0de6 e-flex e-con-boxed e-con e-parent\" data-id=\"e6b0de6\" data-element_type=\"container\" data-e-type=\"container\">\n\t\t\t\t\t<div class=\"e-con-inner\">\n\t\t<div class=\"elementor-element elementor-element-ea94801 e-con-full e-flex e-con e-child\" data-id=\"ea94801\" data-element_type=\"container\" data-e-type=\"container\">\n\t\t\t\t<div class=\"elementor-element elementor-element-1d72f1e elementor-widget elementor-widget-text-editor\" data-id=\"1d72f1e\" data-element_type=\"widget\" data-e-type=\"widget\" data-widget_type=\"text-editor.default\">\n\t\t\t\t<div class=\"elementor-widget-container\">\n\t\t\t\t\t\t\t\t\t<p>La Fondation Recover dispose d'un canal pour les d\u00e9nonciateurs, inclus dans son site web.\u00a0<a href=\"https:\/\/fundacionrecover.org\/wp-content\/uploads\/2024\/05\/Codigo-Etico-1.pdf\" target=\"_blank\" rel=\"noopener noreferrer\">Code d'\u00e9thique<\/a>Les outils suivants sont \u00e0 la disposition des employ\u00e9s, des b\u00e9n\u00e9voles, des donateurs, des fournisseurs, des partenaires, etc. pour identifier les comportements irr\u00e9guliers de notre Fondation. Les outils suivants sont fournis \u00e0 cette fin :<\/p><ul><li><strong>Courriel<\/strong>: <a href=\"mailto:codigodeconducta@fundacionrecover.org\">codigodeconducta@fundacionrecover.org<\/a><\/li><\/ul><p>\u00a0<\/p><p>Communication\u00a0<strong>peut \u00eatre effectu\u00e9e de mani\u00e8re anonyme<\/strong>si le plaignant le souhaite. L'identification n'est donc pas obligatoire et n'est demand\u00e9e que pour pouvoir rendre compte du suivi de la plainte.<\/p><p>En tout \u00e9tat de cause, la Fondation Recover garantit la\u00a0<strong>confidentialit\u00e9<\/strong>\u00a0du plaignant et ne peut \u00eatre communiqu\u00e9e sans son consentement, sauf si cela est n\u00e9cessaire pour la transmettre aux autorit\u00e9s administratives ou judiciaires, pour autant qu'elles soient tenues de le faire dans le cadre d'une proc\u00e9dure d\u00e9coulant de l'objet de la plainte.<\/p><p>Le canal de d\u00e9nonciation s'adresse exclusivement aux personnes suivantes\u00a0<strong>recueillir les plaintes<\/strong>\u00a0la conduite irr\u00e9guli\u00e8re au sein de la Fondation, analys\u00e9e et trait\u00e9e conform\u00e9ment aux dispositions du r\u00e8glement de la Fondation.\u00a0<a href=\"https:\/\/fundacionrecover.org\/wp-content\/uploads\/2020\/11\/Codigo-Etico-1.pdf\" target=\"_blank\" rel=\"noopener noreferrer\">Code d'\u00e9thique<\/a>.<\/p><p>Les suggestions, commentaires et autres questions peuvent \u00eatre envoy\u00e9s \u00e0 info@fundacionrecover.org.<\/p>\t\t\t\t\t\t\t\t<\/div>\n\t\t\t\t<\/div>\n\t\t\t\t<\/div>\n\t\t\t\t\t<\/div>\n\t\t\t\t<\/div>\n\t\t\t\t<\/div>","protected":false},"excerpt":{"rendered":"<p>CANAL DE DENUNCIAS Fundaci\u00f3n Recover cuenta con un Canal de Denuncias, incluido en su\u00a0C\u00f3digo \u00c9tico, a disposici\u00f3n de empleados, voluntarios, donantes, proveedores, contrapartes\u2026 para identificar conductas irregulares de nuestra Fundaci\u00f3n. Para ello, se facilitan las siguientes herramientas: Correo: codigodeconducta@fundacionrecover.org \u00a0 La comunicaci\u00f3n\u00a0podr\u00e1 realizarse de manera an\u00f3nima, siempre que el denunciante as\u00ed lo desee. La identificaci\u00f3n [&hellip;]<\/p>\n","protected":false},"author":1,"featured_media":0,"parent":0,"menu_order":0,"comment_status":"closed","ping_status":"closed","template":"elementor_header_footer","meta":{"give_campaign_id":0,"footnotes":""},"class_list":["post-3220","page","type-page","status-publish","hentry"],"yoast_head":"<!-- This site is optimized with the Yoast SEO plugin v27.4 - https:\/\/yoast.com\/product\/yoast-seo-wordpress\/ -->\n<title>Canal de denuncias - Fundaci\u00f3n Recover Hospitales para \u00c1frica<\/title>\n<meta name=\"robots\" content=\"noindex, follow\" \/>\n<meta property=\"og:locale\" content=\"fr_FR\" \/>\n<meta property=\"og:type\" content=\"article\" \/>\n<meta property=\"og:title\" content=\"Canal de denuncias - Fundaci\u00f3n Recover Hospitales para \u00c1frica\" \/>\n<meta property=\"og:description\" content=\"CANAL DE DENUNCIAS Fundaci\u00f3n Recover cuenta con un Canal de Denuncias, incluido en su\u00a0C\u00f3digo \u00c9tico, a disposici\u00f3n de empleados, voluntarios, donantes, proveedores, contrapartes\u2026 para identificar conductas irregulares de nuestra Fundaci\u00f3n. Para ello, se facilitan las siguientes herramientas: Correo: codigodeconducta@fundacionrecover.org \u00a0 La comunicaci\u00f3n\u00a0podr\u00e1 realizarse de manera an\u00f3nima, siempre que el denunciante as\u00ed lo desee. La identificaci\u00f3n [&hellip;]\" \/>\n<meta property=\"og:url\" content=\"https:\/\/fundacionrecover.org\/fr\/canal-de-recalamation\/\" \/>\n<meta property=\"og:site_name\" content=\"Fundaci\u00f3n Recover Hospitales para \u00c1frica\" \/>\n<meta property=\"article:publisher\" content=\"https:\/\/www.facebook.com\/fundacionrecover\/\" \/>\n<meta property=\"article:modified_time\" content=\"2024-05-23T10:46:06+00:00\" \/>\n<meta property=\"og:image\" content=\"https:\/\/fundacionrecover.org\/wp-content\/uploads\/2024\/05\/Logotipo_FundacionRecover_FondoVerde_ESP.png\" \/>\n\t<meta property=\"og:image:width\" content=\"334\" \/>\n\t<meta property=\"og:image:height\" content=\"272\" \/>\n\t<meta property=\"og:image:type\" content=\"image\/png\" \/>\n<meta name=\"twitter:card\" content=\"summary_large_image\" \/>\n<meta name=\"twitter:label1\" content=\"Dur\u00e9e de lecture estim\u00e9e\" \/>\n\t<meta name=\"twitter:data1\" content=\"1 minute\" \/>\n<script type=\"application\/ld+json\" class=\"yoast-schema-graph\">{\"@context\":\"https:\\\/\\\/schema.org\",\"@graph\":[{\"@type\":\"WebPage\",\"@id\":\"https:\\\/\\\/fundacionrecover.org\\\/canal-de-denuncias\\\/\",\"url\":\"https:\\\/\\\/fundacionrecover.org\\\/canal-de-denuncias\\\/\",\"name\":\"Canal de denuncias - Fundaci\u00f3n Recover Hospitales para \u00c1frica\",\"isPartOf\":{\"@id\":\"https:\\\/\\\/fundacionrecover.org\\\/#website\"},\"datePublished\":\"2024-05-14T09:59:58+00:00\",\"dateModified\":\"2024-05-23T10:46:06+00:00\",\"breadcrumb\":{\"@id\":\"https:\\\/\\\/fundacionrecover.org\\\/canal-de-denuncias\\\/#breadcrumb\"},\"inLanguage\":\"fr-FR\",\"potentialAction\":[{\"@type\":\"ReadAction\",\"target\":[\"https:\\\/\\\/fundacionrecover.org\\\/canal-de-denuncias\\\/\"]}]},{\"@type\":\"BreadcrumbList\",\"@id\":\"https:\\\/\\\/fundacionrecover.org\\\/canal-de-denuncias\\\/#breadcrumb\",\"itemListElement\":[{\"@type\":\"ListItem\",\"position\":1,\"name\":\"Home\",\"item\":\"https:\\\/\\\/fundacionrecover.org\\\/\"},{\"@type\":\"ListItem\",\"position\":2,\"name\":\"Canal de denuncias\"}]},{\"@type\":\"WebSite\",\"@id\":\"https:\\\/\\\/fundacionrecover.org\\\/#website\",\"url\":\"https:\\\/\\\/fundacionrecover.org\\\/\",\"name\":\"Fundaci\u00f3n Recover Hospitales para \u00c1frica\",\"description\":\"Fundaci\u00f3n Recover\",\"publisher\":{\"@id\":\"https:\\\/\\\/fundacionrecover.org\\\/#organization\"},\"potentialAction\":[{\"@type\":\"SearchAction\",\"target\":{\"@type\":\"EntryPoint\",\"urlTemplate\":\"https:\\\/\\\/fundacionrecover.org\\\/?s={search_term_string}\"},\"query-input\":{\"@type\":\"PropertyValueSpecification\",\"valueRequired\":true,\"valueName\":\"search_term_string\"}}],\"inLanguage\":\"fr-FR\"},{\"@type\":\"Organization\",\"@id\":\"https:\\\/\\\/fundacionrecover.org\\\/#organization\",\"name\":\"Fundaci\u00f3n Recover, Hospitales para \u00c1frica\",\"alternateName\":\"Fundaci\u00f3n Recover\",\"url\":\"https:\\\/\\\/fundacionrecover.org\\\/\",\"logo\":{\"@type\":\"ImageObject\",\"inLanguage\":\"fr-FR\",\"@id\":\"https:\\\/\\\/fundacionrecover.org\\\/#\\\/schema\\\/logo\\\/image\\\/\",\"url\":\"https:\\\/\\\/fundacionrecover.org\\\/wp-content\\\/uploads\\\/2024\\\/03\\\/FundacionRecoverHospitalesParaAfrica_logo_blanco_cut.png\",\"contentUrl\":\"https:\\\/\\\/fundacionrecover.org\\\/wp-content\\\/uploads\\\/2024\\\/03\\\/FundacionRecoverHospitalesParaAfrica_logo_blanco_cut.png\",\"width\":335,\"height\":183,\"caption\":\"Fundaci\u00f3n Recover, Hospitales para \u00c1frica\"},\"image\":{\"@id\":\"https:\\\/\\\/fundacionrecover.org\\\/#\\\/schema\\\/logo\\\/image\\\/\"},\"sameAs\":[\"https:\\\/\\\/www.facebook.com\\\/fundacionrecover\\\/\",\"https:\\\/\\\/www.instagram.com\\\/fundacionrecover\\\/\",\"https:\\\/\\\/www.linkedin.com\\\/company\\\/fundaci\u00f3n-recover-hospitales-para-\u00e1frica\\\/\",\"https:\\\/\\\/www.tiktok.com\\\/@fundacionrecover\"]}]}<\/script>\n<!-- \/ Yoast SEO plugin. -->","yoast_head_json":{"title":"Canal de plaintes - Recover Hospitals for Africa Foundation","robots":{"index":"noindex","follow":"follow"},"og_locale":"fr_FR","og_type":"article","og_title":"Canal de denuncias - Fundaci\u00f3n Recover Hospitales para \u00c1frica","og_description":"CANAL DE DENUNCIAS Fundaci\u00f3n Recover cuenta con un Canal de Denuncias, incluido en su\u00a0C\u00f3digo \u00c9tico, a disposici\u00f3n de empleados, voluntarios, donantes, proveedores, contrapartes\u2026 para identificar conductas irregulares de nuestra Fundaci\u00f3n. Para ello, se facilitan las siguientes herramientas: Correo: codigodeconducta@fundacionrecover.org \u00a0 La comunicaci\u00f3n\u00a0podr\u00e1 realizarse de manera an\u00f3nima, siempre que el denunciante as\u00ed lo desee. La identificaci\u00f3n [&hellip;]","og_url":"https:\/\/fundacionrecover.org\/fr\/canal-de-recalamation\/","og_site_name":"Fundaci\u00f3n Recover Hospitales para \u00c1frica","article_publisher":"https:\/\/www.facebook.com\/fundacionrecover\/","article_modified_time":"2024-05-23T10:46:06+00:00","og_image":[{"width":334,"height":272,"url":"https:\/\/fundacionrecover.org\/wp-content\/uploads\/2024\/05\/Logotipo_FundacionRecover_FondoVerde_ESP.png","type":"image\/png"}],"twitter_card":"summary_large_image","twitter_misc":{"Dur\u00e9e de lecture estim\u00e9e":"1 minute"},"schema":{"@context":"https:\/\/schema.org","@graph":[{"@type":"WebPage","@id":"https:\/\/fundacionrecover.org\/canal-de-denuncias\/","url":"https:\/\/fundacionrecover.org\/canal-de-denuncias\/","name":"Canal de plaintes - Recover Hospitals for Africa Foundation","isPartOf":{"@id":"https:\/\/fundacionrecover.org\/#website"},"datePublished":"2024-05-14T09:59:58+00:00","dateModified":"2024-05-23T10:46:06+00:00","breadcrumb":{"@id":"https:\/\/fundacionrecover.org\/canal-de-denuncias\/#breadcrumb"},"inLanguage":"fr-FR","potentialAction":[{"@type":"ReadAction","target":["https:\/\/fundacionrecover.org\/canal-de-denuncias\/"]}]},{"@type":"BreadcrumbList","@id":"https:\/\/fundacionrecover.org\/canal-de-denuncias\/#breadcrumb","itemListElement":[{"@type":"ListItem","position":1,"name":"Home","item":"https:\/\/fundacionrecover.org\/"},{"@type":"ListItem","position":2,"name":"Canal de denuncias"}]},{"@type":"WebSite","@id":"https:\/\/fundacionrecover.org\/#website","url":"https:\/\/fundacionrecover.org\/","name":"La Fondation Recover, H\u00f2pitaux pour l\u2019Afrique","description":"La Fondation Recover","publisher":{"@id":"https:\/\/fundacionrecover.org\/#organization"},"potentialAction":[{"@type":"SearchAction","target":{"@type":"EntryPoint","urlTemplate":"https:\/\/fundacionrecover.org\/?s={search_term_string}"},"query-input":{"@type":"PropertyValueSpecification","valueRequired":true,"valueName":"search_term_string"}}],"inLanguage":"fr-FR"},{"@type":"Organization","@id":"https:\/\/fundacionrecover.org\/#organization","name":"La Fondation Recover, H\u00f2pitaux pour l\u2019Afrique","alternateName":"Fundaci\u00f3n Recover","url":"https:\/\/fundacionrecover.org\/","logo":{"@type":"ImageObject","inLanguage":"fr-FR","@id":"https:\/\/fundacionrecover.org\/#\/schema\/logo\/image\/","url":"https:\/\/fundacionrecover.org\/wp-content\/uploads\/2024\/03\/FundacionRecoverHospitalesParaAfrica_logo_blanco_cut.png","contentUrl":"https:\/\/fundacionrecover.org\/wp-content\/uploads\/2024\/03\/FundacionRecoverHospitalesParaAfrica_logo_blanco_cut.png","width":335,"height":183,"caption":"Fundaci\u00f3n Recover, Hospitales para \u00c1frica"},"image":{"@id":"https:\/\/fundacionrecover.org\/#\/schema\/logo\/image\/"},"sameAs":["https:\/\/www.facebook.com\/fundacionrecover\/","https:\/\/www.instagram.com\/fundacionrecover\/","https:\/\/www.linkedin.com\/company\/fundaci\u00f3n-recover-hospitales-para-\u00e1frica\/","https:\/\/www.tiktok.com\/@fundacionrecover"]}]}},"campaignId":"","_links":{"self":[{"href":"https:\/\/fundacionrecover.org\/fr\/wp-json\/wp\/v2\/pages\/3220","targetHints":{"allow":["GET"]}}],"collection":[{"href":"https:\/\/fundacionrecover.org\/fr\/wp-json\/wp\/v2\/pages"}],"about":[{"href":"https:\/\/fundacionrecover.org\/fr\/wp-json\/wp\/v2\/types\/page"}],"author":[{"embeddable":true,"href":"https:\/\/fundacionrecover.org\/fr\/wp-json\/wp\/v2\/users\/1"}],"replies":[{"embeddable":true,"href":"https:\/\/fundacionrecover.org\/fr\/wp-json\/wp\/v2\/comments?post=3220"}],"version-history":[{"count":0,"href":"https:\/\/fundacionrecover.org\/fr\/wp-json\/wp\/v2\/pages\/3220\/revisions"}],"wp:attachment":[{"href":"https:\/\/fundacionrecover.org\/fr\/wp-json\/wp\/v2\/media?parent=3220"}],"curies":[{"name":"wp","href":"https:\/\/api.w.org\/{rel}","templated":true}]}}